{"id":2998,"date":"2021-12-28T09:01:38","date_gmt":"2021-12-28T09:01:38","guid":{"rendered":"https:\/\/www.ess-enn.se\/cookie-policy\/"},"modified":"2025-09-10T07:49:24","modified_gmt":"2025-09-10T07:49:24","slug":"cookiebeleid","status":"publish","type":"page","link":"https:\/\/www.ess-enn.se\/nl\/cookiebeleid\/","title":{"rendered":"Cookiebeleid"},"content":{"rendered":"<p>[et_pb_section fb_built=&#8221;1&#8243; _builder_version=&#8221;4.16&#8243; _module_preset=&#8221;default&#8221; background_color=&#8221;#123d27&#8243; min_height=&#8221;107px&#8221; height=&#8221;97px&#8221; custom_padding=&#8221;115px||0px|||&#8221; global_colors_info=&#8221;{}&#8221;][\/et_pb_section][et_pb_section fb_built=&#8221;1&#8243; _builder_version=&#8221;4.16&#8243; custom_padding=&#8221;0px|||||&#8221; global_colors_info=&#8221;{}&#8221;][et_pb_row _builder_version=&#8221;4.16&#8243; background_size=&#8221;initial&#8221; background_position=&#8221;top_left&#8221; background_repeat=&#8221;repeat&#8221; custom_margin=&#8221;52px|auto||auto||&#8221; locked=&#8221;off&#8221; global_colors_info=&#8221;{}&#8221;][et_pb_column type=&#8221;4_4&#8243; _builder_version=&#8221;4.16&#8243; custom_padding=&#8221;|||&#8221; global_colors_info=&#8221;{}&#8221; custom_padding__hover=&#8221;|||&#8221;][et_pb_text disabled_on=&#8221;off|off|off&#8221; _builder_version=&#8221;4.27.4&#8243; text_text_color=&#8221;#2b2b2b&#8221; text_font_size=&#8221;17px&#8221; header_font=&#8221;Playfair Display||||||||&#8221; header_text_color=&#8221;#191919&#8243; header_font_size=&#8221;60px&#8221; background_layout=&#8221;dark&#8221; custom_margin=&#8221;||-10px||false|false&#8221; custom_padding=&#8221;||0px||false|false&#8221; custom_padding_last_edited=&#8221;off|desktop&#8221; text_font_size_last_edited=&#8221;off|desktop&#8221; header_font_size_tablet=&#8221;47px&#8221; header_font_size_phone=&#8221;36px&#8221; header_font_size_last_edited=&#8221;on|phone&#8221; global_colors_info=&#8221;{}&#8221;]<\/p>\n<h1>Ons cookiebeleid<\/h1>\n<p><span style=\"font-size: large;\"><\/span><\/p>\n<p><span>Op deze pagina leggen we uit wat cookies zijn, hoe we ze gebruiken en welke cookies er op deze website aanwezig zijn. Je kunt je toestemming voor cookies op elk moment wijzigen of intrekken. Onderaan deze pagina vind je je cookie-instellingen.<\/span><\/p>\n<p>[\/et_pb_text][\/et_pb_column][\/et_pb_row][et_pb_row _builder_version=&#8221;4.16&#8243; background_size=&#8221;initial&#8221; background_position=&#8221;top_left&#8221; background_repeat=&#8221;repeat&#8221; custom_margin=&#8221;17px|auto||auto|false|false&#8221; custom_padding=&#8221;16px|||||&#8221; global_colors_info=&#8221;{}&#8221;][et_pb_column type=&#8221;4_4&#8243; _builder_version=&#8221;4.16&#8243; custom_padding=&#8221;|||&#8221; global_colors_info=&#8221;{}&#8221; custom_padding__hover=&#8221;|||&#8221;][et_pb_text _builder_version=&#8221;4.27.4&#8243; text_font=&#8221;Inter||||||||&#8221; text_font_size=&#8221;15px&#8221; header_font_size=&#8221;60px&#8221; header_3_font_size=&#8221;23px&#8221; background_size=&#8221;initial&#8221; background_position=&#8221;top_left&#8221; background_repeat=&#8221;repeat&#8221; global_colors_info=&#8221;{}&#8221;]<\/p>\n<h3>Wat zijn cookies?<\/h3>\n<div>Een cookie is een klein tekstbestand dat gegevens bevat die worden opgehaald en opgeslagen op het apparaat dat je gebruikt om onze website te bezoeken. Cookies hebben verschillende toepassingen, zoals het opslaan van informatie over je voorkeuren, de diensten die aan jou worden geleverd of als onderdeel van het verzamelen van informatie over je gedrag. Van tijd tot tijd vraagt de website gegevens op uit de cookies die op je computer zijn opgeslagen.<\/div>\n<p>&nbsp;<\/p>\n<h3>Hoe gebruiken wij cookies?<\/h3>\n<div>\n<p class=\"p1\">De website gebruikt twee soorten cookies. Noodzakelijke cookies zijn vereist om de website te laten functioneren en slaan geen persoonlijke gegevens op. Niet-noodzakelijke cookies, zoals analytische, functionele en marketingcookies, worden gebruikt om te begrijpen hoe de website presteert, hoe je ermee omgaat en om je een betere gebruikerservaring te bieden. Deze houden bijvoorbeeld bij of je een online formulier hebt ingevuld.<\/p>\n<\/div>\n<p>&nbsp;<\/p>\n<h3>Jouw toestemming<\/h3>\n<p>In principe vragen wij je toestemming voordat wij cookies ophalen of opslaan. We vragen echter geen toestemming wanneer cookies uitsluitend worden gebruikt om je ingevoerde gegevens bij te houden.<\/p>\n<p>Wij verzamelen geen persoonsgegevens via de cookies die wij gebruiken. Indien de website in de toekomst andere soorten cookies gaat gebruiken die persoonsgegevens over jou verzamelen, zullen wij deze persoonsgegevens niet aan derden doorgeven. Je wordt ook ge\u00efnformeerd over het gebruik van nieuwe cookies en krijgt de mogelijkheid om toestemming te geven voordat deze bij jou worden opgeslagen.<\/p>\n<p>&nbsp;<\/p>\n<h3>Welke cookies gebruiken wij?<\/h3>\n<div>\n<p>Hieronder staat een lijst van de cookies die op deze website worden gebruikt.<\/p>\n<\/div>\n<p>[\/et_pb_text][et_pb_text _builder_version=&#8221;4.27.4&#8243; _module_preset=&#8221;default&#8221; header_5_font_size=&#8221;22px&#8221; hover_enabled=&#8221;0&#8243; global_colors_info=&#8221;{}&#8221; sticky_enabled=&#8221;0&#8243;]<\/p>\n<p><span>[wcc_category_list]<\/span><\/p>\n<p>[\/et_pb_text][\/et_pb_column][\/et_pb_row][et_pb_row _builder_version=&#8221;4.16&#8243; _module_preset=&#8221;default&#8221; custom_padding=&#8221;||40px||false|false&#8221; global_colors_info=&#8221;{}&#8221;][et_pb_column type=&#8221;4_4&#8243; _builder_version=&#8221;4.16&#8243; _module_preset=&#8221;default&#8221; global_colors_info=&#8221;{}&#8221;][et_pb_text _builder_version=&#8221;4.27.4&#8243; _module_preset=&#8221;default&#8221; header_3_font_size_tablet=&#8221;24px&#8221; header_3_font_size_phone=&#8221;24px&#8221; header_3_font_size_last_edited=&#8221;on|tablet&#8221; header_3_line_height_tablet=&#8221;&#8221; header_3_line_height_phone=&#8221;1.3em&#8221; header_3_line_height_last_edited=&#8221;on|phone&#8221; global_colors_info=&#8221;{}&#8221;]<\/p>\n<h3>Hoe kan ik mijn cookie-instellingen wijzigen?<\/h3>\n<div>Door te klikken op cookie-instellingen kun je op elk moment kiezen welke cookies wij mogen opslaan. Lees meer over cookies op <a href=\"http:\/\/www.allaboutcookies.org.\">www.allaboutcookies.org.<\/a><\/div>\n<p>[\/et_pb_text][et_pb_text _builder_version=&#8221;4.27.4&#8243; _module_preset=&#8221;default&#8221; text_font=&#8221;|||on|||||&#8221; text_orientation=&#8221;center&#8221; width=&#8221;36%&#8221; width_tablet=&#8221;46%&#8221; width_phone=&#8221;92%&#8221; width_last_edited=&#8221;on|tablet&#8221; module_alignment=&#8221;left&#8221; min_height=&#8221;46px&#8221; custom_padding=&#8221;10px||10px||true|false&#8221; hover_enabled=&#8221;0&#8243; border_width_all=&#8221;2px&#8221; border_color_all=&#8221;#000000&#8243; global_colors_info=&#8221;{}&#8221; sticky_enabled=&#8221;0&#8243;]<\/p>\n<p><span>[wcc_preference_button]<\/span><\/p>\n<p>[\/et_pb_text][\/et_pb_column][\/et_pb_row][\/et_pb_section]<\/p>\n","protected":false},"excerpt":{"rendered":"<p>Ons cookiebeleid Op deze pagina leggen we uit wat cookies zijn, hoe we ze gebruiken en welke cookies er op deze website aanwezig zijn. Je kunt je toestemming voor cookies op elk moment wijzigen of intrekken. Onderaan deze pagina vind je je cookie-instellingen.Wat zijn cookies? Een cookie is een klein tekstbestand dat gegevens bevat die [&hellip;]<\/p>\n","protected":false},"author":1,"featured_media":0,"parent":0,"menu_order":0,"comment_status":"closed","ping_status":"closed","template":"","meta":{"_et_pb_use_builder":"on","_et_pb_old_content":"","_et_gb_content_width":"","inline_featured_image":false,"footnotes":""},"class_list":["post-2998","page","type-page","status-publish","hentry"],"yoast_head":"<!-- This site is optimized with the Yoast SEO plugin v26.0 - https:\/\/yoast.com\/wordpress\/plugins\/seo\/ -->\n<title>Cookiebeleid - ESS-ENN<\/title>\n<meta name=\"description\" content=\"I \u00f6ver 40 \u00e5r har vi producerat s\u00e5gade samt hyvlade tr\u00e4varor till en global marknad. Uppt\u00e4ck v\u00e5rt breda sortiment av milj\u00f6v\u00e4nliga produkter.\" \/>\n<meta name=\"robots\" content=\"index, follow, max-snippet:-1, max-image-preview:large, max-video-preview:-1\" \/>\n<link rel=\"canonical\" href=\"https:\/\/www.ess-enn.se\/nl\/cookiebeleid\/\" \/>\n<meta property=\"og:locale\" content=\"nl_NL\" \/>\n<meta property=\"og:type\" content=\"article\" \/>\n<meta property=\"og:title\" content=\"Cookiebeleid - ESS-ENN\" \/>\n<meta property=\"og:description\" content=\"I \u00f6ver 40 \u00e5r har vi producerat s\u00e5gade samt hyvlade tr\u00e4varor till en global marknad. Uppt\u00e4ck v\u00e5rt breda sortiment av milj\u00f6v\u00e4nliga produkter.\" \/>\n<meta property=\"og:url\" content=\"https:\/\/www.ess-enn.se\/nl\/cookiebeleid\/\" \/>\n<meta property=\"og:site_name\" content=\"ESS-ENN\" \/>\n<meta property=\"article:modified_time\" content=\"2025-09-10T07:49:24+00:00\" \/>\n<meta property=\"og:image\" content=\"https:\/\/www.ess-enn.se\/wp-content\/uploads\/2023\/07\/ess-enn-timber-1200x675px.jpg\" \/>\n\t<meta property=\"og:image:width\" content=\"1200\" \/>\n\t<meta property=\"og:image:height\" content=\"675\" \/>\n\t<meta property=\"og:image:type\" content=\"image\/jpeg\" \/>\n<meta name=\"twitter:card\" content=\"summary_large_image\" \/>\n<meta name=\"twitter:label1\" content=\"Geschatte leestijd\" \/>\n\t<meta name=\"twitter:data1\" content=\"2 minuten\" \/>\n<script type=\"application\/ld+json\" class=\"yoast-schema-graph\">{\"@context\":\"https:\/\/schema.org\",\"@graph\":[{\"@type\":\"WebPage\",\"@id\":\"https:\/\/www.ess-enn.se\/nl\/cookiebeleid\/\",\"url\":\"https:\/\/www.ess-enn.se\/nl\/cookiebeleid\/\",\"name\":\"Cookiebeleid - ESS-ENN\",\"isPartOf\":{\"@id\":\"https:\/\/www.ess-enn.se\/#website\"},\"datePublished\":\"2021-12-28T09:01:38+00:00\",\"dateModified\":\"2025-09-10T07:49:24+00:00\",\"description\":\"I \u00f6ver 40 \u00e5r har vi producerat s\u00e5gade samt hyvlade tr\u00e4varor till en global marknad. Uppt\u00e4ck v\u00e5rt breda sortiment av milj\u00f6v\u00e4nliga produkter.\",\"breadcrumb\":{\"@id\":\"https:\/\/www.ess-enn.se\/nl\/cookiebeleid\/#breadcrumb\"},\"inLanguage\":\"nl-NL\",\"potentialAction\":[{\"@type\":\"ReadAction\",\"target\":[\"https:\/\/www.ess-enn.se\/nl\/cookiebeleid\/\"]}]},{\"@type\":\"BreadcrumbList\",\"@id\":\"https:\/\/www.ess-enn.se\/nl\/cookiebeleid\/#breadcrumb\",\"itemListElement\":[{\"@type\":\"ListItem\",\"position\":1,\"name\":\"ESS-ENN Timber\",\"item\":\"https:\/\/www.ess-enn.se\/\"},{\"@type\":\"ListItem\",\"position\":2,\"name\":\"Cookiebeleid\"}]},{\"@type\":\"WebSite\",\"@id\":\"https:\/\/www.ess-enn.se\/#website\",\"url\":\"https:\/\/www.ess-enn.se\/\",\"name\":\"ESS-ENN\",\"description\":\"Milj\u00f6v\u00e4nliga tr\u00e4produkter med o\u00e4ndliga m\u00f6jligheter\",\"publisher\":{\"@id\":\"https:\/\/www.ess-enn.se\/#organization\"},\"alternateName\":\"ESS-ENN Timber\",\"potentialAction\":[{\"@type\":\"SearchAction\",\"target\":{\"@type\":\"EntryPoint\",\"urlTemplate\":\"https:\/\/www.ess-enn.se\/?s={search_term_string}\"},\"query-input\":{\"@type\":\"PropertyValueSpecification\",\"valueRequired\":true,\"valueName\":\"search_term_string\"}}],\"inLanguage\":\"nl-NL\"},{\"@type\":\"Organization\",\"@id\":\"https:\/\/www.ess-enn.se\/#organization\",\"name\":\"ESS-ENN Timber\",\"url\":\"https:\/\/www.ess-enn.se\/\",\"logo\":{\"@type\":\"ImageObject\",\"inLanguage\":\"nl-NL\",\"@id\":\"https:\/\/www.ess-enn.se\/#\/schema\/logo\/image\/\",\"url\":\"https:\/\/www.ess-enn.se\/wp-content\/uploads\/2023\/07\/ess-enn-timber-696x696px.jpg\",\"contentUrl\":\"https:\/\/www.ess-enn.se\/wp-content\/uploads\/2023\/07\/ess-enn-timber-696x696px.jpg\",\"width\":696,\"height\":696,\"caption\":\"ESS-ENN Timber\"},\"image\":{\"@id\":\"https:\/\/www.ess-enn.se\/#\/schema\/logo\/image\/\"},\"sameAs\":[\"https:\/\/www.instagram.com\/essenntimber\/\",\"https:\/\/www.linkedin.com\/company\/ess-enn-timber-ab\"]}]}<\/script>\n<!-- \/ Yoast SEO plugin. -->","yoast_head_json":{"title":"Cookiebeleid - ESS-ENN","description":"I \u00f6ver 40 \u00e5r har vi producerat s\u00e5gade samt hyvlade tr\u00e4varor till en global marknad. Uppt\u00e4ck v\u00e5rt breda sortiment av milj\u00f6v\u00e4nliga produkter.","robots":{"index":"index","follow":"follow","max-snippet":"max-snippet:-1","max-image-preview":"max-image-preview:large","max-video-preview":"max-video-preview:-1"},"canonical":"https:\/\/www.ess-enn.se\/nl\/cookiebeleid\/","og_locale":"nl_NL","og_type":"article","og_title":"Cookiebeleid - ESS-ENN","og_description":"I \u00f6ver 40 \u00e5r har vi producerat s\u00e5gade samt hyvlade tr\u00e4varor till en global marknad. Uppt\u00e4ck v\u00e5rt breda sortiment av milj\u00f6v\u00e4nliga produkter.","og_url":"https:\/\/www.ess-enn.se\/nl\/cookiebeleid\/","og_site_name":"ESS-ENN","article_modified_time":"2025-09-10T07:49:24+00:00","og_image":[{"width":1200,"height":675,"url":"https:\/\/www.ess-enn.se\/wp-content\/uploads\/2023\/07\/ess-enn-timber-1200x675px.jpg","type":"image\/jpeg"}],"twitter_card":"summary_large_image","twitter_misc":{"Geschatte leestijd":"2 minuten"},"schema":{"@context":"https:\/\/schema.org","@graph":[{"@type":"WebPage","@id":"https:\/\/www.ess-enn.se\/nl\/cookiebeleid\/","url":"https:\/\/www.ess-enn.se\/nl\/cookiebeleid\/","name":"Cookiebeleid - ESS-ENN","isPartOf":{"@id":"https:\/\/www.ess-enn.se\/#website"},"datePublished":"2021-12-28T09:01:38+00:00","dateModified":"2025-09-10T07:49:24+00:00","description":"I \u00f6ver 40 \u00e5r har vi producerat s\u00e5gade samt hyvlade tr\u00e4varor till en global marknad. Uppt\u00e4ck v\u00e5rt breda sortiment av milj\u00f6v\u00e4nliga produkter.","breadcrumb":{"@id":"https:\/\/www.ess-enn.se\/nl\/cookiebeleid\/#breadcrumb"},"inLanguage":"nl-NL","potentialAction":[{"@type":"ReadAction","target":["https:\/\/www.ess-enn.se\/nl\/cookiebeleid\/"]}]},{"@type":"BreadcrumbList","@id":"https:\/\/www.ess-enn.se\/nl\/cookiebeleid\/#breadcrumb","itemListElement":[{"@type":"ListItem","position":1,"name":"ESS-ENN Timber","item":"https:\/\/www.ess-enn.se\/"},{"@type":"ListItem","position":2,"name":"Cookiebeleid"}]},{"@type":"WebSite","@id":"https:\/\/www.ess-enn.se\/#website","url":"https:\/\/www.ess-enn.se\/","name":"ESS-ENN","description":"Milj\u00f6v\u00e4nliga tr\u00e4produkter med o\u00e4ndliga m\u00f6jligheter","publisher":{"@id":"https:\/\/www.ess-enn.se\/#organization"},"alternateName":"ESS-ENN Timber","potentialAction":[{"@type":"SearchAction","target":{"@type":"EntryPoint","urlTemplate":"https:\/\/www.ess-enn.se\/?s={search_term_string}"},"query-input":{"@type":"PropertyValueSpecification","valueRequired":true,"valueName":"search_term_string"}}],"inLanguage":"nl-NL"},{"@type":"Organization","@id":"https:\/\/www.ess-enn.se\/#organization","name":"ESS-ENN Timber","url":"https:\/\/www.ess-enn.se\/","logo":{"@type":"ImageObject","inLanguage":"nl-NL","@id":"https:\/\/www.ess-enn.se\/#\/schema\/logo\/image\/","url":"https:\/\/www.ess-enn.se\/wp-content\/uploads\/2023\/07\/ess-enn-timber-696x696px.jpg","contentUrl":"https:\/\/www.ess-enn.se\/wp-content\/uploads\/2023\/07\/ess-enn-timber-696x696px.jpg","width":696,"height":696,"caption":"ESS-ENN Timber"},"image":{"@id":"https:\/\/www.ess-enn.se\/#\/schema\/logo\/image\/"},"sameAs":["https:\/\/www.instagram.com\/essenntimber\/","https:\/\/www.linkedin.com\/company\/ess-enn-timber-ab"]}]}},"_links":{"self":[{"href":"https:\/\/www.ess-enn.se\/nl\/wp-json\/wp\/v2\/pages\/2998","targetHints":{"allow":["GET"]}}],"collection":[{"href":"https:\/\/www.ess-enn.se\/nl\/wp-json\/wp\/v2\/pages"}],"about":[{"href":"https:\/\/www.ess-enn.se\/nl\/wp-json\/wp\/v2\/types\/page"}],"author":[{"embeddable":true,"href":"https:\/\/www.ess-enn.se\/nl\/wp-json\/wp\/v2\/users\/1"}],"replies":[{"embeddable":true,"href":"https:\/\/www.ess-enn.se\/nl\/wp-json\/wp\/v2\/comments?post=2998"}],"version-history":[{"count":5,"href":"https:\/\/www.ess-enn.se\/nl\/wp-json\/wp\/v2\/pages\/2998\/revisions"}],"predecessor-version":[{"id":3188,"href":"https:\/\/www.ess-enn.se\/nl\/wp-json\/wp\/v2\/pages\/2998\/revisions\/3188"}],"wp:attachment":[{"href":"https:\/\/www.ess-enn.se\/nl\/wp-json\/wp\/v2\/media?parent=2998"}],"curies":[{"name":"wp","href":"https:\/\/api.w.org\/{rel}","templated":true}]}}