{"id":2972,"date":"2021-09-30T08:47:55","date_gmt":"2021-09-30T08:47:55","guid":{"rendered":"https:\/\/www.ess-enn.se\/travaror\/"},"modified":"2025-09-10T06:37:11","modified_gmt":"2025-09-10T06:37:11","slug":"houtwaren","status":"publish","type":"page","link":"https:\/\/www.ess-enn.se\/nl\/houtwaren\/","title":{"rendered":"Houtwaren"},"content":{"rendered":"<p>[et_pb_section fb_built=&#8221;1&#8243; _builder_version=&#8221;4.16&#8243; _module_preset=&#8221;default&#8221; use_background_color_gradient=&#8221;on&#8221; background_color_gradient_direction=&#8221;360deg&#8221; background_color_gradient_stops=&#8221;rgba(1,9,10,0.16) 100%|#29c4a9 100%&#8221; background_color_gradient_overlays_image=&#8221;on&#8221; background_color_gradient_start=&#8221;rgba(1,9,10,0.16)&#8221; background_color_gradient_start_position=&#8221;100%&#8221; background_image=&#8221;https:\/\/www.ess-enn.se\/wp-content\/uploads\/2021\/06\/ess-enn_timber_products_03-scaled.jpg&#8221; min_height=&#8221;742px&#8221; min_height_tablet=&#8221;812px&#8221; min_height_phone=&#8221;758px&#8221; min_height_last_edited=&#8221;on|tablet&#8221; custom_padding=&#8221;95px|||||&#8221; locked=&#8221;off&#8221; global_colors_info=&#8221;{}&#8221;][et_pb_row _builder_version=&#8221;4.27.4&#8243; _module_preset=&#8221;default&#8221; positioning=&#8221;absolute&#8221; position_origin_a=&#8221;center_center&#8221; custom_margin=&#8221;|auto||auto|false|false&#8221; custom_margin_phone=&#8221;167px|auto|98px|auto|false|false&#8221; custom_margin_last_edited=&#8221;off|desktop&#8221; custom_padding=&#8221;||||false|false&#8221; global_colors_info=&#8221;{}&#8221;][et_pb_column type=&#8221;4_4&#8243; _builder_version=&#8221;4.16&#8243; _module_preset=&#8221;default&#8221; global_colors_info=&#8221;{}&#8221;][et_pb_text _builder_version=&#8221;4.27.4&#8243; _module_preset=&#8221;default&#8221; text_font=&#8221;Inter||||||||&#8221; text_text_color=&#8221;#ffffff&#8221; text_font_size=&#8221;15px&#8221; header_font=&#8221;Playfair Display|700|||||||&#8221; header_text_align=&#8221;center&#8221; header_text_color=&#8221;#ffffff&#8221; header_font_size=&#8221;58px&#8221; header_line_height=&#8221;1.2em&#8221; text_orientation=&#8221;center&#8221; width=&#8221;74.8%&#8221; width_tablet=&#8221;89%&#8221; width_phone=&#8221;100%&#8221; width_last_edited=&#8221;on|phone&#8221; module_alignment=&#8221;center&#8221; hover_enabled=&#8221;0&#8243; header_font_size_tablet=&#8221;&#8221; header_font_size_phone=&#8221;&#8221; header_font_size_last_edited=&#8221;on|phone&#8221; header_line_height_tablet=&#8221;&#8221; header_line_height_phone=&#8221;1.1em&#8221; header_line_height_last_edited=&#8221;on|phone&#8221; inline_fonts=&#8221;Aclonica&#8221; global_colors_info=&#8221;{}&#8221; content_last_edited=&#8221;on|phone&#8221; sticky_enabled=&#8221;0&#8243; content_tablet=&#8221;<\/p>\n<h1>Houtproducten<\/h1>\n<p>&#8221; content_phone=&#8221;<\/p>\n<h1>Hout-producten<\/h1>\n<p>&#8220;]<\/p>\n<h1>Houtproducten<\/h1>\n<p>[\/et_pb_text][\/et_pb_column][\/et_pb_row][\/et_pb_section][et_pb_section fb_built=&#8221;1&#8243; module_id=&#8221;gezaagd-hout&#8221; _builder_version=&#8221;4.27.4&#8243; _module_preset=&#8221;default&#8221; custom_padding=&#8221;8px|21px|10px|||&#8221; global_colors_info=&#8221;{}&#8221;][et_pb_row module_id=&#8221;limfog&#8221; module_class=&#8221;limfog&#8221; _builder_version=&#8221;4.16&#8243; _module_preset=&#8221;default&#8221; custom_margin=&#8221;|auto|15px|auto||&#8221; custom_padding=&#8221;81px||26px|||&#8221; global_colors_info=&#8221;{}&#8221;][et_pb_column type=&#8221;4_4&#8243; _builder_version=&#8221;4.16&#8243; _module_preset=&#8221;default&#8221; global_colors_info=&#8221;{}&#8221;][et_pb_text _builder_version=&#8221;4.27.4&#8243; _module_preset=&#8221;default&#8221; text_font=&#8221;Inter||||||||&#8221; text_font_size=&#8221;17px&#8221; text_orientation=&#8221;center&#8221; width=&#8221;76%&#8221; width_tablet=&#8221;&#8221; width_phone=&#8221;100%&#8221; width_last_edited=&#8221;on|phone&#8221; module_alignment=&#8221;center&#8221; custom_margin=&#8221;||1px|||&#8221; global_colors_info=&#8221;{}&#8221;]<\/p>\n<p>Wij bieden een breed scala aan houtproducten voor een eindeloos aantal toepassingen. Naast ons standaardlengteassortiment kunnen wij ook speciale bestellingen uitvoeren. Bij hout is bijna alles mogelijk \u2013 probeer ons uit!<\/p>\n<p>[\/et_pb_text][\/et_pb_column][\/et_pb_row][et_pb_row column_structure=&#8221;1_2,1_2&#8243; custom_padding_last_edited=&#8221;on|phone&#8221; _builder_version=&#8221;4.16&#8243; _module_preset=&#8221;default&#8221; custom_margin=&#8221;20px|auto|8px|auto||&#8221; custom_padding=&#8221;47px||20px|||&#8221; custom_padding_tablet=&#8221;&#8221; custom_padding_phone=&#8221;11px||||false|false&#8221; global_colors_info=&#8221;{}&#8221;][et_pb_column type=&#8221;1_2&#8243; _builder_version=&#8221;4.16&#8243; _module_preset=&#8221;default&#8221; global_colors_info=&#8221;{}&#8221;][et_pb_image src=&#8221;https:\/\/www.ess-enn.se\/wp-content\/uploads\/2021\/09\/ESS-ENN_timber_07_fix.jpeg&#8221; alt=&#8221;s\u00e5gade tr\u00e4varor&#8221; title_text=&#8221;ESS-ENN_timber_07_fix&#8221; disabled_on=&#8221;on|on|off&#8221; _builder_version=&#8221;4.16&#8243; _module_preset=&#8221;default&#8221; width=&#8221;92.4%&#8221; custom_margin=&#8221;15px||10px|||&#8221; global_colors_info=&#8221;{}&#8221;][\/et_pb_image][\/et_pb_column][et_pb_column type=&#8221;1_2&#8243; _builder_version=&#8221;4.16&#8243; _module_preset=&#8221;default&#8221; global_colors_info=&#8221;{}&#8221;][et_pb_text _builder_version=&#8221;4.27.4&#8243; _module_preset=&#8221;default&#8221; text_font=&#8221;Inter||||||||&#8221; text_font_size=&#8221;17px&#8221; header_text_align=&#8221;left&#8221; header_font_size=&#8221;40px&#8221; header_3_font=&#8221;Inter||||||||&#8221; header_3_line_height=&#8221;1.3em&#8221; header_5_line_height=&#8221;0.6em&#8221; width=&#8221;94.4%&#8221; custom_padding=&#8221;17px|||||&#8221; header_font_size_tablet=&#8221;&#8221; header_font_size_phone=&#8221;33px&#8221; header_font_size_last_edited=&#8221;on|phone&#8221; global_colors_info=&#8221;{}&#8221;]<\/p>\n<h5>Gezaagd hout<\/h5>\n<p><span><\/span><\/p>\n<p>Onze blokzagerij kan vuren en grenen verwerken<\/p>\n<p>[\/et_pb_text][et_pb_text _builder_version=&#8221;4.27.4&#8243; _module_preset=&#8221;default&#8221; text_font=&#8221;Inter||||||||&#8221; global_colors_info=&#8221;{}&#8221;]<\/p>\n<p class=\"p1\">De gemeente Tibro staat al lang bekend om haar traditie van meubelproductie, waarbij het hout voor onze zagerij afkomstig is uit de prachtige bossen van het omliggende Skaraborg. In onze vestiging in Tibro produceren wij eersteklas planken met een dikte van 11 tot 22 cm en standaardlengtes van 2,55 m en 3,0 m. Na opmeting door Biometria worden de stammen gesorteerd in de sorteerlijn. Onze ultramoderne zagerij heeft een capaciteit van 750 stammen per uur en bestaat uit een rechte productielijn met schaven, een profielunit en een kliefzaag. Om te voldoen aan de eis voor <a href=\"https:\/\/www.ess-enn.se\/sustainability\/\">KD 56\u00b0C\/30 min-labeling<\/a> vindt het droogproces plaats in kanaaldrogers met geventileerd drogen. Het eindproduct wordt constructiehout en verpakkingshout, maar ook materiaal voor de productie van gelijmde panelen, waar de kwaliteitseisen hoog zijn. Al het restmateriaal wordt verwerkt tot nieuwe briketten voor verwarmingssystemen en ketels. Sinds 2018 zijn er omvangrijke investeringen gedaan, waaronder nieuwe houtsortering, een schaaflijn en algemene moderniseringen.<\/p>\n<p><span style=\"font-weight: 400;\"><\/span><\/p>\n<ul>\n<li class=\"li1\"><span class=\"s1\"><\/span><span style=\"font-weight: 400;\">Wij beschikken over KD 56\/30-certificaten.<\/span><\/li>\n<li class=\"li1\"><span class=\"s1\"><\/span><span style=\"font-weight: 400;\">Wij zijn gecertificeerd volgens FSC\u00ae (Licentiecode: FSC-C007709).<\/span><\/li>\n<li class=\"li1\"><span class=\"s1\"><\/span><span style=\"font-weight: 400;\">Wij zijn gecertificeerd volgens PEFC (Licentiecode: PEFC\/05-35-152).<\/span><\/li>\n<\/ul>\n<p>[\/et_pb_text][et_pb_image src=&#8221;https:\/\/www.ess-enn.se\/wp-content\/uploads\/2021\/09\/ESS-ENN_timber_07_fix.jpeg&#8221; alt=&#8221;s\u00e5gade tr\u00e4varor&#8221; title_text=&#8221;ESS-ENN_timber_07_fix&#8221; disabled_on=&#8221;off|off|on&#8221; _builder_version=&#8221;4.16&#8243; _module_preset=&#8221;default&#8221; width=&#8221;92.4%&#8221; custom_margin=&#8221;15px||10px|||&#8221; global_colors_info=&#8221;{}&#8221;][\/et_pb_image][\/et_pb_column][\/et_pb_row][et_pb_row _builder_version=&#8221;4.16&#8243; _module_preset=&#8221;default&#8221; custom_padding=&#8221;73px||8px|||&#8221; global_colors_info=&#8221;{}&#8221;][et_pb_column type=&#8221;4_4&#8243; _builder_version=&#8221;4.16&#8243; _module_preset=&#8221;default&#8221; global_colors_info=&#8221;{}&#8221;][et_pb_divider color=&#8221;#000000&#8243; _builder_version=&#8221;4.16&#8243; _module_preset=&#8221;default&#8221; global_colors_info=&#8221;{}&#8221;][\/et_pb_divider][\/et_pb_column][\/et_pb_row][\/et_pb_section][et_pb_section fb_built=&#8221;1&#8243; module_id=&#8221;geschaafd-hout&#8221; _builder_version=&#8221;4.27.4&#8243; _module_preset=&#8221;default&#8221; custom_padding=&#8221;32px||68px|||&#8221; global_colors_info=&#8221;{}&#8221;][et_pb_row column_structure=&#8221;1_2,1_2&#8243; custom_padding_last_edited=&#8221;on|phone&#8221; _builder_version=&#8221;4.16&#8243; _module_preset=&#8221;default&#8221; custom_margin=&#8221;|auto|8px|auto||&#8221; custom_padding=&#8221;27px||5px|||&#8221; custom_padding_tablet=&#8221;&#8221; custom_padding_phone=&#8221;0px||5px||false|false&#8221; global_colors_info=&#8221;{}&#8221;][et_pb_column type=&#8221;1_2&#8243; _builder_version=&#8221;4.16&#8243; _module_preset=&#8221;default&#8221; global_colors_info=&#8221;{}&#8221;][et_pb_text _builder_version=&#8221;4.27.4&#8243; _module_preset=&#8221;default&#8221; text_font=&#8221;Inter||||||||&#8221; text_font_size=&#8221;17px&#8221; text_line_height=&#8221;1em&#8221; header_text_align=&#8221;left&#8221; header_line_height=&#8221;1.1em&#8221; header_3_font=&#8221;Inter||||||||&#8221; header_3_font_size=&#8221;17px&#8221; header_3_line_height=&#8221;1.3em&#8221; width=&#8221;100%&#8221; width_tablet=&#8221;&#8221; width_phone=&#8221;100%&#8221; width_last_edited=&#8221;on|phone&#8221; custom_margin=&#8221;30px||12px|||&#8221; custom_margin_tablet=&#8221;11px||24px||false|false&#8221; custom_margin_phone=&#8221;||8px||false|false&#8221; custom_margin_last_edited=&#8221;on|tablet&#8221; custom_padding=&#8221;||0px|||&#8221; header_font_size_tablet=&#8221;&#8221; header_font_size_phone=&#8221;33px&#8221; header_font_size_last_edited=&#8221;on|phone&#8221; global_colors_info=&#8221;{}&#8221;]<\/p>\n<h4>Geschaafde houtproducten<\/h4>\n<h3><span><\/span><\/h3>\n<p>Het materiaal van mogelijkheden<\/p>\n<p>[\/et_pb_text][et_pb_text _builder_version=&#8221;4.27.4&#8243; _module_preset=&#8221;default&#8221; text_font=&#8221;Inter||||||||&#8221; custom_margin=&#8221;29px|||||&#8221; global_colors_info=&#8221;{}&#8221;]<\/p>\n<p>Onze bundelinstallatie is een van de modernste van Zweden, maar de ervaring van ons vakbekwame personeel is het resultaat van een lange traditie in de schaafindustrie. Wij bieden een breed scala aan geschaafde houtproducten, voornamelijk latten maar ook geschaafd hout en mes en groef.<\/p>\n<p>Wij bundelen en verpakken half- en kwartpakketten in ons standaardassortiment en labelen leveringen waar nodig. Voor de Nederlandse markt hebben wij Pick-a-Pack vuren op voorraad in 22\/25\/32 mm geschaafde maten voor extra snelle levering. Wij kunnen ook nauwkeurig gezaagd hout leveren met zaagsnede (+-2 mm) voor speciale doeleinden.<\/p>\n<p>Ons hoge serviceniveau maakt bijna alles mogelijk \u2013 wij zien uw aanvragen graag tegemoet.<\/p>\n<p>[\/et_pb_text][\/et_pb_column][et_pb_column type=&#8221;1_2&#8243; _builder_version=&#8221;4.16&#8243; _module_preset=&#8221;default&#8221; global_colors_info=&#8221;{}&#8221;][et_pb_image src=&#8221;https:\/\/www.ess-enn.se\/wp-content\/uploads\/2021\/07\/ESS-ENN_timber_03.jpg&#8221; alt=&#8221;hyvlade tr\u00e4varor&#8221; title_text=&#8221;ESS-ENN_timber_03&#8243; _builder_version=&#8221;4.16&#8243; _module_preset=&#8221;default&#8221; width=&#8221;86.7%&#8221; width_tablet=&#8221;62.2%&#8221; width_phone=&#8221;100%&#8221; width_last_edited=&#8221;on|tablet&#8221; module_alignment_tablet=&#8221;right&#8221; module_alignment_phone=&#8221;&#8221; module_alignment_last_edited=&#8221;on|tablet&#8221; global_colors_info=&#8221;{}&#8221;][\/et_pb_image][\/et_pb_column][\/et_pb_row][\/et_pb_section]<\/p>\n","protected":false},"excerpt":{"rendered":"<p>HoutproductenWij bieden een breed scala aan houtproducten voor een eindeloos aantal toepassingen. Naast ons standaardlengteassortiment kunnen wij ook speciale bestellingen uitvoeren. Bij hout is bijna alles mogelijk \u2013 probeer ons uit!Gezaagd hout Onze blokzagerij kan vuren en grenen verwerkenDe gemeente Tibro staat al lang bekend om haar traditie van meubelproductie, waarbij het hout voor onze [&hellip;]<\/p>\n","protected":false},"author":1,"featured_media":2973,"parent":0,"menu_order":0,"comment_status":"closed","ping_status":"closed","template":"","meta":{"_et_pb_use_builder":"on","_et_pb_old_content":"","_et_gb_content_width":"","inline_featured_image":false,"footnotes":""},"class_list":["post-2972","page","type-page","status-publish","has-post-thumbnail","hentry"],"yoast_head":"<!-- This site is optimized with the Yoast SEO plugin v26.0 - https:\/\/yoast.com\/wordpress\/plugins\/seo\/ -->\n<title>ESS-ENN Timber - Tr\u00e4varor<\/title>\n<meta name=\"description\" content=\"ESS-ENN Timber erbjuder ett brett sortiment av tr\u00e4produkter. Vi levererar hyvlade och s\u00e5gade tr\u00e4varor samt energieffektivt biobr\u00e4nsle.\" \/>\n<meta name=\"robots\" content=\"index, follow, max-snippet:-1, max-image-preview:large, max-video-preview:-1\" \/>\n<link rel=\"canonical\" href=\"https:\/\/www.ess-enn.se\/nl\/houtwaren\/\" \/>\n<meta property=\"og:locale\" content=\"nl_NL\" \/>\n<meta property=\"og:type\" content=\"article\" \/>\n<meta property=\"og:title\" content=\"ESS-ENN Timber - Tr\u00e4varor\" \/>\n<meta property=\"og:description\" content=\"ESS-ENN Timber erbjuder ett brett sortiment av tr\u00e4produkter. Vi levererar hyvlade och s\u00e5gade tr\u00e4varor samt energieffektivt biobr\u00e4nsle.\" \/>\n<meta property=\"og:url\" content=\"https:\/\/www.ess-enn.se\/nl\/houtwaren\/\" \/>\n<meta property=\"og:site_name\" content=\"ESS-ENN\" \/>\n<meta property=\"article:modified_time\" content=\"2025-09-10T06:37:11+00:00\" \/>\n<meta property=\"og:image\" content=\"https:\/\/www.ess-enn.se\/wp-content\/uploads\/2021\/09\/ESS-ENN_timber_07_fix.jpeg\" \/>\n\t<meta property=\"og:image:width\" content=\"660\" \/>\n\t<meta property=\"og:image:height\" content=\"745\" \/>\n\t<meta property=\"og:image:type\" content=\"image\/jpeg\" \/>\n<meta name=\"twitter:card\" content=\"summary_large_image\" \/>\n<meta name=\"twitter:label1\" content=\"Geschatte leestijd\" \/>\n\t<meta name=\"twitter:data1\" content=\"3 minuten\" \/>\n<script type=\"application\/ld+json\" class=\"yoast-schema-graph\">{\"@context\":\"https:\/\/schema.org\",\"@graph\":[{\"@type\":\"WebPage\",\"@id\":\"https:\/\/www.ess-enn.se\/nl\/houtwaren\/\",\"url\":\"https:\/\/www.ess-enn.se\/nl\/houtwaren\/\",\"name\":\"ESS-ENN Timber - Tr\u00e4varor\",\"isPartOf\":{\"@id\":\"https:\/\/www.ess-enn.se\/#website\"},\"primaryImageOfPage\":{\"@id\":\"https:\/\/www.ess-enn.se\/nl\/houtwaren\/#primaryimage\"},\"image\":{\"@id\":\"https:\/\/www.ess-enn.se\/nl\/houtwaren\/#primaryimage\"},\"thumbnailUrl\":\"https:\/\/www.ess-enn.se\/wp-content\/uploads\/2021\/09\/ESS-ENN_timber_07_fix.jpeg\",\"datePublished\":\"2021-09-30T08:47:55+00:00\",\"dateModified\":\"2025-09-10T06:37:11+00:00\",\"description\":\"ESS-ENN Timber erbjuder ett brett sortiment av tr\u00e4produkter. Vi levererar hyvlade och s\u00e5gade tr\u00e4varor samt energieffektivt biobr\u00e4nsle.\",\"breadcrumb\":{\"@id\":\"https:\/\/www.ess-enn.se\/nl\/houtwaren\/#breadcrumb\"},\"inLanguage\":\"nl-NL\",\"potentialAction\":[{\"@type\":\"ReadAction\",\"target\":[\"https:\/\/www.ess-enn.se\/nl\/houtwaren\/\"]}]},{\"@type\":\"ImageObject\",\"inLanguage\":\"nl-NL\",\"@id\":\"https:\/\/www.ess-enn.se\/nl\/houtwaren\/#primaryimage\",\"url\":\"https:\/\/www.ess-enn.se\/wp-content\/uploads\/2021\/09\/ESS-ENN_timber_07_fix.jpeg\",\"contentUrl\":\"https:\/\/www.ess-enn.se\/wp-content\/uploads\/2021\/09\/ESS-ENN_timber_07_fix.jpeg\",\"width\":660,\"height\":745},{\"@type\":\"BreadcrumbList\",\"@id\":\"https:\/\/www.ess-enn.se\/nl\/houtwaren\/#breadcrumb\",\"itemListElement\":[{\"@type\":\"ListItem\",\"position\":1,\"name\":\"ESS-ENN Timber\",\"item\":\"https:\/\/www.ess-enn.se\/\"},{\"@type\":\"ListItem\",\"position\":2,\"name\":\"Houtwaren\"}]},{\"@type\":\"WebSite\",\"@id\":\"https:\/\/www.ess-enn.se\/#website\",\"url\":\"https:\/\/www.ess-enn.se\/\",\"name\":\"ESS-ENN\",\"description\":\"Milj\u00f6v\u00e4nliga tr\u00e4produkter med o\u00e4ndliga m\u00f6jligheter\",\"publisher\":{\"@id\":\"https:\/\/www.ess-enn.se\/#organization\"},\"alternateName\":\"ESS-ENN Timber\",\"potentialAction\":[{\"@type\":\"SearchAction\",\"target\":{\"@type\":\"EntryPoint\",\"urlTemplate\":\"https:\/\/www.ess-enn.se\/?s={search_term_string}\"},\"query-input\":{\"@type\":\"PropertyValueSpecification\",\"valueRequired\":true,\"valueName\":\"search_term_string\"}}],\"inLanguage\":\"nl-NL\"},{\"@type\":\"Organization\",\"@id\":\"https:\/\/www.ess-enn.se\/#organization\",\"name\":\"ESS-ENN Timber\",\"url\":\"https:\/\/www.ess-enn.se\/\",\"logo\":{\"@type\":\"ImageObject\",\"inLanguage\":\"nl-NL\",\"@id\":\"https:\/\/www.ess-enn.se\/#\/schema\/logo\/image\/\",\"url\":\"https:\/\/www.ess-enn.se\/wp-content\/uploads\/2023\/07\/ess-enn-timber-696x696px.jpg\",\"contentUrl\":\"https:\/\/www.ess-enn.se\/wp-content\/uploads\/2023\/07\/ess-enn-timber-696x696px.jpg\",\"width\":696,\"height\":696,\"caption\":\"ESS-ENN Timber\"},\"image\":{\"@id\":\"https:\/\/www.ess-enn.se\/#\/schema\/logo\/image\/\"},\"sameAs\":[\"https:\/\/www.instagram.com\/essenntimber\/\",\"https:\/\/www.linkedin.com\/company\/ess-enn-timber-ab\"]}]}<\/script>\n<!-- \/ Yoast SEO plugin. -->","yoast_head_json":{"title":"ESS-ENN Timber - Tr\u00e4varor","description":"ESS-ENN Timber erbjuder ett brett sortiment av tr\u00e4produkter. Vi levererar hyvlade och s\u00e5gade tr\u00e4varor samt energieffektivt biobr\u00e4nsle.","robots":{"index":"index","follow":"follow","max-snippet":"max-snippet:-1","max-image-preview":"max-image-preview:large","max-video-preview":"max-video-preview:-1"},"canonical":"https:\/\/www.ess-enn.se\/nl\/houtwaren\/","og_locale":"nl_NL","og_type":"article","og_title":"ESS-ENN Timber - Tr\u00e4varor","og_description":"ESS-ENN Timber erbjuder ett brett sortiment av tr\u00e4produkter. Vi levererar hyvlade och s\u00e5gade tr\u00e4varor samt energieffektivt biobr\u00e4nsle.","og_url":"https:\/\/www.ess-enn.se\/nl\/houtwaren\/","og_site_name":"ESS-ENN","article_modified_time":"2025-09-10T06:37:11+00:00","og_image":[{"width":660,"height":745,"url":"https:\/\/www.ess-enn.se\/wp-content\/uploads\/2021\/09\/ESS-ENN_timber_07_fix.jpeg","type":"image\/jpeg"}],"twitter_card":"summary_large_image","twitter_misc":{"Geschatte leestijd":"3 minuten"},"schema":{"@context":"https:\/\/schema.org","@graph":[{"@type":"WebPage","@id":"https:\/\/www.ess-enn.se\/nl\/houtwaren\/","url":"https:\/\/www.ess-enn.se\/nl\/houtwaren\/","name":"ESS-ENN Timber - Tr\u00e4varor","isPartOf":{"@id":"https:\/\/www.ess-enn.se\/#website"},"primaryImageOfPage":{"@id":"https:\/\/www.ess-enn.se\/nl\/houtwaren\/#primaryimage"},"image":{"@id":"https:\/\/www.ess-enn.se\/nl\/houtwaren\/#primaryimage"},"thumbnailUrl":"https:\/\/www.ess-enn.se\/wp-content\/uploads\/2021\/09\/ESS-ENN_timber_07_fix.jpeg","datePublished":"2021-09-30T08:47:55+00:00","dateModified":"2025-09-10T06:37:11+00:00","description":"ESS-ENN Timber erbjuder ett brett sortiment av tr\u00e4produkter. Vi levererar hyvlade och s\u00e5gade tr\u00e4varor samt energieffektivt biobr\u00e4nsle.","breadcrumb":{"@id":"https:\/\/www.ess-enn.se\/nl\/houtwaren\/#breadcrumb"},"inLanguage":"nl-NL","potentialAction":[{"@type":"ReadAction","target":["https:\/\/www.ess-enn.se\/nl\/houtwaren\/"]}]},{"@type":"ImageObject","inLanguage":"nl-NL","@id":"https:\/\/www.ess-enn.se\/nl\/houtwaren\/#primaryimage","url":"https:\/\/www.ess-enn.se\/wp-content\/uploads\/2021\/09\/ESS-ENN_timber_07_fix.jpeg","contentUrl":"https:\/\/www.ess-enn.se\/wp-content\/uploads\/2021\/09\/ESS-ENN_timber_07_fix.jpeg","width":660,"height":745},{"@type":"BreadcrumbList","@id":"https:\/\/www.ess-enn.se\/nl\/houtwaren\/#breadcrumb","itemListElement":[{"@type":"ListItem","position":1,"name":"ESS-ENN Timber","item":"https:\/\/www.ess-enn.se\/"},{"@type":"ListItem","position":2,"name":"Houtwaren"}]},{"@type":"WebSite","@id":"https:\/\/www.ess-enn.se\/#website","url":"https:\/\/www.ess-enn.se\/","name":"ESS-ENN","description":"Milj\u00f6v\u00e4nliga tr\u00e4produkter med o\u00e4ndliga m\u00f6jligheter","publisher":{"@id":"https:\/\/www.ess-enn.se\/#organization"},"alternateName":"ESS-ENN Timber","potentialAction":[{"@type":"SearchAction","target":{"@type":"EntryPoint","urlTemplate":"https:\/\/www.ess-enn.se\/?s={search_term_string}"},"query-input":{"@type":"PropertyValueSpecification","valueRequired":true,"valueName":"search_term_string"}}],"inLanguage":"nl-NL"},{"@type":"Organization","@id":"https:\/\/www.ess-enn.se\/#organization","name":"ESS-ENN Timber","url":"https:\/\/www.ess-enn.se\/","logo":{"@type":"ImageObject","inLanguage":"nl-NL","@id":"https:\/\/www.ess-enn.se\/#\/schema\/logo\/image\/","url":"https:\/\/www.ess-enn.se\/wp-content\/uploads\/2023\/07\/ess-enn-timber-696x696px.jpg","contentUrl":"https:\/\/www.ess-enn.se\/wp-content\/uploads\/2023\/07\/ess-enn-timber-696x696px.jpg","width":696,"height":696,"caption":"ESS-ENN Timber"},"image":{"@id":"https:\/\/www.ess-enn.se\/#\/schema\/logo\/image\/"},"sameAs":["https:\/\/www.instagram.com\/essenntimber\/","https:\/\/www.linkedin.com\/company\/ess-enn-timber-ab"]}]}},"_links":{"self":[{"href":"https:\/\/www.ess-enn.se\/nl\/wp-json\/wp\/v2\/pages\/2972","targetHints":{"allow":["GET"]}}],"collection":[{"href":"https:\/\/www.ess-enn.se\/nl\/wp-json\/wp\/v2\/pages"}],"about":[{"href":"https:\/\/www.ess-enn.se\/nl\/wp-json\/wp\/v2\/types\/page"}],"author":[{"embeddable":true,"href":"https:\/\/www.ess-enn.se\/nl\/wp-json\/wp\/v2\/users\/1"}],"replies":[{"embeddable":true,"href":"https:\/\/www.ess-enn.se\/nl\/wp-json\/wp\/v2\/comments?post=2972"}],"version-history":[{"count":7,"href":"https:\/\/www.ess-enn.se\/nl\/wp-json\/wp\/v2\/pages\/2972\/revisions"}],"predecessor-version":[{"id":3156,"href":"https:\/\/www.ess-enn.se\/nl\/wp-json\/wp\/v2\/pages\/2972\/revisions\/3156"}],"wp:featuredmedia":[{"embeddable":true,"href":"https:\/\/www.ess-enn.se\/nl\/wp-json\/wp\/v2\/media\/2973"}],"wp:attachment":[{"href":"https:\/\/www.ess-enn.se\/nl\/wp-json\/wp\/v2\/media?parent=2972"}],"curies":[{"name":"wp","href":"https:\/\/api.w.org\/{rel}","templated":true}]}}