{"id":2304,"date":"2022-04-20T08:42:17","date_gmt":"2022-04-20T08:42:17","guid":{"rendered":"https:\/\/www.ess-enn.se\/press\/"},"modified":"2025-09-26T10:40:10","modified_gmt":"2025-09-26T10:40:10","slug":"press","status":"publish","type":"page","link":"https:\/\/www.ess-enn.se\/en\/press\/","title":{"rendered":"Press"},"content":{"rendered":"<p>[et_pb_section fb_built=&#8221;1&#8243; _builder_version=&#8221;4.16.0&#8243; _module_preset=&#8221;default&#8221; use_background_color_gradient=&#8221;on&#8221; background_color_gradient_direction=&#8221;360deg&#8221; background_color_gradient_stops=&#8221;rgba(1,9,10,0.18) 100%|#29c4a9 100%&#8221; background_color_gradient_overlays_image=&#8221;on&#8221; background_color_gradient_start=&#8221;rgba(1,9,10,0.18)&#8221; background_color_gradient_start_position=&#8221;100%&#8221; background_image=&#8221;https:\/\/www.ess-enn.se\/wp-content\/uploads\/2022\/04\/essenn-presss-header-2.jpg&#8221; min_height=&#8221;742px&#8221; min_height_tablet=&#8221;812px&#8221; min_height_phone=&#8221;758px&#8221; min_height_last_edited=&#8221;on|tablet&#8221; custom_padding=&#8221;95px|||||&#8221; locked=&#8221;off&#8221; global_colors_info=&#8221;{}&#8221;][et_pb_row _builder_version=&#8221;4.27.4&#8243; _module_preset=&#8221;default&#8221; custom_margin=&#8221;||||false|false&#8221; custom_margin_phone=&#8221;146px|auto|98px|auto|false|false&#8221; custom_margin_last_edited=&#8221;off|desktop&#8221; custom_padding=&#8221;18px||||false|false&#8221; hover_enabled=&#8221;0&#8243; global_colors_info=&#8221;{}&#8221; positioning=&#8221;absolute&#8221; position_origin_a=&#8221;center_center&#8221; sticky_enabled=&#8221;0&#8243;][et_pb_column type=&#8221;4_4&#8243; _builder_version=&#8221;4.16&#8243; _module_preset=&#8221;default&#8221; global_colors_info=&#8221;{}&#8221;][et_pb_text _builder_version=&#8221;4.27.4&#8243; _module_preset=&#8221;default&#8221; text_font=&#8221;Inter||||||||&#8221; text_text_color=&#8221;#ffffff&#8221; text_font_size=&#8221;15px&#8221; header_font=&#8221;Playfair Display|700|||||||&#8221; header_text_align=&#8221;center&#8221; header_text_color=&#8221;#ffffff&#8221; header_font_size=&#8221;58px&#8221; header_line_height=&#8221;1.2em&#8221; text_orientation=&#8221;center&#8221; width=&#8221;74.8%&#8221; width_tablet=&#8221;89%&#8221; width_phone=&#8221;100%&#8221; width_last_edited=&#8221;on|phone&#8221; module_alignment=&#8221;center&#8221; custom_margin=&#8221;6px||||false|false&#8221; hover_enabled=&#8221;0&#8243; header_font_size_tablet=&#8221;&#8221; header_font_size_phone=&#8221;46px&#8221; header_font_size_last_edited=&#8221;on|phone&#8221; header_line_height_tablet=&#8221;&#8221; header_line_height_phone=&#8221;1.1em&#8221; header_line_height_last_edited=&#8221;on|phone&#8221; inline_fonts=&#8221;Aclonica&#8221; global_colors_info=&#8221;{}&#8221; sticky_enabled=&#8221;0&#8243;]<\/p>\n<h1>Press<\/h1>\n<p>[\/et_pb_text][\/et_pb_column][\/et_pb_row][\/et_pb_section][et_pb_section fb_built=&#8221;1&#8243; _builder_version=&#8221;4.16.0&#8243; _module_preset=&#8221;default&#8221; custom_margin=&#8221;18px||||false|false&#8221; custom_padding=&#8221;||77px|||&#8221; locked=&#8221;off&#8221; global_colors_info=&#8221;{}&#8221;][et_pb_row _builder_version=&#8221;4.16&#8243; _module_preset=&#8221;default&#8221; custom_margin=&#8221;|auto|2px|auto||&#8221; custom_padding=&#8221;||19px|||&#8221; global_colors_info=&#8221;{}&#8221;][et_pb_column type=&#8221;4_4&#8243; _builder_version=&#8221;4.16&#8243; _module_preset=&#8221;default&#8221; global_colors_info=&#8221;{}&#8221;][et_pb_blog include_categories=&#8221;20&#8243; show_author=&#8221;off&#8221; show_categories=&#8221;off&#8221; module_class=&#8221;dt-blog&#8221; _builder_version=&#8221;4.18.0&#8243; _module_preset=&#8221;default&#8221; header_font_size=&#8221;25px&#8221; header_line_height=&#8221;1.3em&#8221; read_more_font=&#8221;|600||on|||||&#8221; custom_padding=&#8221;||48px||false|false&#8221; header_font_size_tablet=&#8221;27px&#8221; header_font_size_phone=&#8221;25px&#8221; header_font_size_last_edited=&#8221;on|phone&#8221; header_line_height_tablet=&#8221;&#8221; header_line_height_phone=&#8221;1.2em&#8221; header_line_height_last_edited=&#8221;on|phone&#8221; custom_css_content=&#8221;margin-top: 20px;&#8221; custom_css_featured_image=&#8221;width: 90%&#8221; custom_css_read_more=&#8221;border: 2px solid;||width: 10%;||text-align: center;||margin-top: 20px;||padding: 2px;&#8221; border_width_bottom_fullwidth=&#8221;1px&#8221; global_colors_info=&#8221;{}&#8221; custom_css_content_last_edited=&#8221;on|phone&#8221; custom_css_content_phone=&#8221;margin-top: 20px;||margin-bottom: 20px;&#8221; custom_css_content_tablet=&#8221;margin-top: 20px;&#8221;][\/et_pb_blog][\/et_pb_column][\/et_pb_row][\/et_pb_section]<\/p>\n","protected":false},"excerpt":{"rendered":"<p>Press<\/p>\n","protected":false},"author":1,"featured_media":2289,"parent":0,"menu_order":0,"comment_status":"closed","ping_status":"closed","template":"","meta":{"_et_pb_use_builder":"on","_et_pb_old_content":"","_et_gb_content_width":"","inline_featured_image":false,"footnotes":""},"class_list":["post-2304","page","type-page","status-publish","has-post-thumbnail","hentry"],"yoast_head":"<!-- This site is optimized with the Yoast SEO plugin v26.0 - https:\/\/yoast.com\/wordpress\/plugins\/seo\/ -->\n<title>ESS-ENN Timber - Press &amp; news<\/title>\n<meta name=\"description\" content=\"ESS-ENN Timber is a Swedish producer of biofuel and sawn and planed wood products. Over 40 years of quality.\" \/>\n<meta name=\"robots\" content=\"index, follow, max-snippet:-1, max-image-preview:large, max-video-preview:-1\" \/>\n<link rel=\"canonical\" href=\"https:\/\/www.ess-enn.se\/press\/\" \/>\n<meta property=\"og:locale\" content=\"en_US\" \/>\n<meta property=\"og:type\" content=\"article\" \/>\n<meta property=\"og:title\" content=\"ESS-ENN Timber - Press &amp; news\" \/>\n<meta property=\"og:description\" content=\"ESS-ENN Timber is a Swedish producer of biofuel and sawn and planed wood products. Over 40 years of quality.\" \/>\n<meta property=\"og:url\" content=\"https:\/\/www.ess-enn.se\/press\/\" \/>\n<meta property=\"og:site_name\" content=\"ESS-ENN\" \/>\n<meta property=\"article:modified_time\" content=\"2025-09-26T10:40:10+00:00\" \/>\n<meta property=\"og:image\" content=\"https:\/\/www.ess-enn.se\/wp-content\/uploads\/2022\/04\/essenn-presss-header-2.jpg\" \/>\n\t<meta property=\"og:image:width\" content=\"2000\" \/>\n\t<meta property=\"og:image:height\" content=\"1333\" \/>\n\t<meta property=\"og:image:type\" content=\"image\/jpeg\" \/>\n<meta name=\"twitter:card\" content=\"summary_large_image\" \/>\n<meta name=\"twitter:label1\" content=\"Est. reading time\" \/>\n\t<meta name=\"twitter:data1\" content=\"2 minutes\" \/>\n<script type=\"application\/ld+json\" class=\"yoast-schema-graph\">{\"@context\":\"https:\/\/schema.org\",\"@graph\":[{\"@type\":\"WebPage\",\"@id\":\"https:\/\/www.ess-enn.se\/press\/\",\"url\":\"https:\/\/www.ess-enn.se\/press\/\",\"name\":\"ESS-ENN Timber - Press & news\",\"isPartOf\":{\"@id\":\"https:\/\/www.ess-enn.se\/#website\"},\"primaryImageOfPage\":{\"@id\":\"https:\/\/www.ess-enn.se\/press\/#primaryimage\"},\"image\":{\"@id\":\"https:\/\/www.ess-enn.se\/press\/#primaryimage\"},\"thumbnailUrl\":\"https:\/\/www.ess-enn.se\/wp-content\/uploads\/2022\/04\/essenn-presss-header-2.jpg\",\"datePublished\":\"2022-04-20T08:42:17+00:00\",\"dateModified\":\"2025-09-26T10:40:10+00:00\",\"description\":\"ESS-ENN Timber is a Swedish producer of biofuel and sawn and planed wood products. Over 40 years of quality.\",\"breadcrumb\":{\"@id\":\"https:\/\/www.ess-enn.se\/press\/#breadcrumb\"},\"inLanguage\":\"en-US\",\"potentialAction\":[{\"@type\":\"ReadAction\",\"target\":[\"https:\/\/www.ess-enn.se\/press\/\"]}]},{\"@type\":\"ImageObject\",\"inLanguage\":\"en-US\",\"@id\":\"https:\/\/www.ess-enn.se\/press\/#primaryimage\",\"url\":\"https:\/\/www.ess-enn.se\/wp-content\/uploads\/2022\/04\/essenn-presss-header-2.jpg\",\"contentUrl\":\"https:\/\/www.ess-enn.se\/wp-content\/uploads\/2022\/04\/essenn-presss-header-2.jpg\",\"width\":2000,\"height\":1333},{\"@type\":\"BreadcrumbList\",\"@id\":\"https:\/\/www.ess-enn.se\/press\/#breadcrumb\",\"itemListElement\":[{\"@type\":\"ListItem\",\"position\":1,\"name\":\"ESS-ENN Timber\",\"item\":\"https:\/\/www.ess-enn.se\/en\/\"},{\"@type\":\"ListItem\",\"position\":2,\"name\":\"Press\"}]},{\"@type\":\"WebSite\",\"@id\":\"https:\/\/www.ess-enn.se\/#website\",\"url\":\"https:\/\/www.ess-enn.se\/\",\"name\":\"ESS-ENN\",\"description\":\"Milj\u00f6v\u00e4nliga tr\u00e4produkter med o\u00e4ndliga m\u00f6jligheter\",\"publisher\":{\"@id\":\"https:\/\/www.ess-enn.se\/#organization\"},\"alternateName\":\"ESS-ENN Timber\",\"potentialAction\":[{\"@type\":\"SearchAction\",\"target\":{\"@type\":\"EntryPoint\",\"urlTemplate\":\"https:\/\/www.ess-enn.se\/?s={search_term_string}\"},\"query-input\":{\"@type\":\"PropertyValueSpecification\",\"valueRequired\":true,\"valueName\":\"search_term_string\"}}],\"inLanguage\":\"en-US\"},{\"@type\":\"Organization\",\"@id\":\"https:\/\/www.ess-enn.se\/#organization\",\"name\":\"ESS-ENN Timber\",\"url\":\"https:\/\/www.ess-enn.se\/\",\"logo\":{\"@type\":\"ImageObject\",\"inLanguage\":\"en-US\",\"@id\":\"https:\/\/www.ess-enn.se\/#\/schema\/logo\/image\/\",\"url\":\"https:\/\/www.ess-enn.se\/wp-content\/uploads\/2023\/07\/ess-enn-timber-696x696px.jpg\",\"contentUrl\":\"https:\/\/www.ess-enn.se\/wp-content\/uploads\/2023\/07\/ess-enn-timber-696x696px.jpg\",\"width\":696,\"height\":696,\"caption\":\"ESS-ENN Timber\"},\"image\":{\"@id\":\"https:\/\/www.ess-enn.se\/#\/schema\/logo\/image\/\"},\"sameAs\":[\"https:\/\/www.instagram.com\/essenntimber\/\",\"https:\/\/www.linkedin.com\/company\/ess-enn-timber-ab\"]}]}<\/script>\n<!-- \/ Yoast SEO plugin. -->","yoast_head_json":{"title":"ESS-ENN Timber - Press & news","description":"ESS-ENN Timber is a Swedish producer of biofuel and sawn and planed wood products. Over 40 years of quality.","robots":{"index":"index","follow":"follow","max-snippet":"max-snippet:-1","max-image-preview":"max-image-preview:large","max-video-preview":"max-video-preview:-1"},"canonical":"https:\/\/www.ess-enn.se\/press\/","og_locale":"en_US","og_type":"article","og_title":"ESS-ENN Timber - Press & news","og_description":"ESS-ENN Timber is a Swedish producer of biofuel and sawn and planed wood products. Over 40 years of quality.","og_url":"https:\/\/www.ess-enn.se\/press\/","og_site_name":"ESS-ENN","article_modified_time":"2025-09-26T10:40:10+00:00","og_image":[{"width":2000,"height":1333,"url":"https:\/\/www.ess-enn.se\/wp-content\/uploads\/2022\/04\/essenn-presss-header-2.jpg","type":"image\/jpeg"}],"twitter_card":"summary_large_image","twitter_misc":{"Est. reading time":"2 minutes"},"schema":{"@context":"https:\/\/schema.org","@graph":[{"@type":"WebPage","@id":"https:\/\/www.ess-enn.se\/press\/","url":"https:\/\/www.ess-enn.se\/press\/","name":"ESS-ENN Timber - Press & news","isPartOf":{"@id":"https:\/\/www.ess-enn.se\/#website"},"primaryImageOfPage":{"@id":"https:\/\/www.ess-enn.se\/press\/#primaryimage"},"image":{"@id":"https:\/\/www.ess-enn.se\/press\/#primaryimage"},"thumbnailUrl":"https:\/\/www.ess-enn.se\/wp-content\/uploads\/2022\/04\/essenn-presss-header-2.jpg","datePublished":"2022-04-20T08:42:17+00:00","dateModified":"2025-09-26T10:40:10+00:00","description":"ESS-ENN Timber is a Swedish producer of biofuel and sawn and planed wood products. Over 40 years of quality.","breadcrumb":{"@id":"https:\/\/www.ess-enn.se\/press\/#breadcrumb"},"inLanguage":"en-US","potentialAction":[{"@type":"ReadAction","target":["https:\/\/www.ess-enn.se\/press\/"]}]},{"@type":"ImageObject","inLanguage":"en-US","@id":"https:\/\/www.ess-enn.se\/press\/#primaryimage","url":"https:\/\/www.ess-enn.se\/wp-content\/uploads\/2022\/04\/essenn-presss-header-2.jpg","contentUrl":"https:\/\/www.ess-enn.se\/wp-content\/uploads\/2022\/04\/essenn-presss-header-2.jpg","width":2000,"height":1333},{"@type":"BreadcrumbList","@id":"https:\/\/www.ess-enn.se\/press\/#breadcrumb","itemListElement":[{"@type":"ListItem","position":1,"name":"ESS-ENN Timber","item":"https:\/\/www.ess-enn.se\/en\/"},{"@type":"ListItem","position":2,"name":"Press"}]},{"@type":"WebSite","@id":"https:\/\/www.ess-enn.se\/#website","url":"https:\/\/www.ess-enn.se\/","name":"ESS-ENN","description":"Milj\u00f6v\u00e4nliga tr\u00e4produkter med o\u00e4ndliga m\u00f6jligheter","publisher":{"@id":"https:\/\/www.ess-enn.se\/#organization"},"alternateName":"ESS-ENN Timber","potentialAction":[{"@type":"SearchAction","target":{"@type":"EntryPoint","urlTemplate":"https:\/\/www.ess-enn.se\/?s={search_term_string}"},"query-input":{"@type":"PropertyValueSpecification","valueRequired":true,"valueName":"search_term_string"}}],"inLanguage":"en-US"},{"@type":"Organization","@id":"https:\/\/www.ess-enn.se\/#organization","name":"ESS-ENN Timber","url":"https:\/\/www.ess-enn.se\/","logo":{"@type":"ImageObject","inLanguage":"en-US","@id":"https:\/\/www.ess-enn.se\/#\/schema\/logo\/image\/","url":"https:\/\/www.ess-enn.se\/wp-content\/uploads\/2023\/07\/ess-enn-timber-696x696px.jpg","contentUrl":"https:\/\/www.ess-enn.se\/wp-content\/uploads\/2023\/07\/ess-enn-timber-696x696px.jpg","width":696,"height":696,"caption":"ESS-ENN Timber"},"image":{"@id":"https:\/\/www.ess-enn.se\/#\/schema\/logo\/image\/"},"sameAs":["https:\/\/www.instagram.com\/essenntimber\/","https:\/\/www.linkedin.com\/company\/ess-enn-timber-ab"]}]}},"_links":{"self":[{"href":"https:\/\/www.ess-enn.se\/en\/wp-json\/wp\/v2\/pages\/2304","targetHints":{"allow":["GET"]}}],"collection":[{"href":"https:\/\/www.ess-enn.se\/en\/wp-json\/wp\/v2\/pages"}],"about":[{"href":"https:\/\/www.ess-enn.se\/en\/wp-json\/wp\/v2\/types\/page"}],"author":[{"embeddable":true,"href":"https:\/\/www.ess-enn.se\/en\/wp-json\/wp\/v2\/users\/1"}],"replies":[{"embeddable":true,"href":"https:\/\/www.ess-enn.se\/en\/wp-json\/wp\/v2\/comments?post=2304"}],"version-history":[{"count":6,"href":"https:\/\/www.ess-enn.se\/en\/wp-json\/wp\/v2\/pages\/2304\/revisions"}],"predecessor-version":[{"id":3366,"href":"https:\/\/www.ess-enn.se\/en\/wp-json\/wp\/v2\/pages\/2304\/revisions\/3366"}],"wp:featuredmedia":[{"embeddable":true,"href":"https:\/\/www.ess-enn.se\/en\/wp-json\/wp\/v2\/media\/2289"}],"wp:attachment":[{"href":"https:\/\/www.ess-enn.se\/en\/wp-json\/wp\/v2\/media?parent=2304"}],"curies":[{"name":"wp","href":"https:\/\/api.w.org\/{rel}","templated":true}]}}