{"id":2109,"date":"2021-12-28T09:01:38","date_gmt":"2021-12-28T09:01:38","guid":{"rendered":"https:\/\/www.ess-enn.se\/cookie-policy\/"},"modified":"2025-09-26T10:43:36","modified_gmt":"2025-09-26T10:43:36","slug":"cookie-policy","status":"publish","type":"page","link":"https:\/\/www.ess-enn.se\/en\/cookie-policy\/","title":{"rendered":"Cookie Policy"},"content":{"rendered":"<p>[et_pb_section fb_built=&#8221;1&#8243; _builder_version=&#8221;4.16&#8243; _module_preset=&#8221;default&#8221; background_color=&#8221;#123d27&#8243; min_height=&#8221;107px&#8221; height=&#8221;97px&#8221; custom_padding=&#8221;115px||0px|||&#8221; global_colors_info=&#8221;{}&#8221;][\/et_pb_section][et_pb_section fb_built=&#8221;1&#8243; _builder_version=&#8221;4.16&#8243; custom_padding=&#8221;0px|||||&#8221; global_colors_info=&#8221;{}&#8221;][et_pb_row _builder_version=&#8221;4.16&#8243; background_size=&#8221;initial&#8221; background_position=&#8221;top_left&#8221; background_repeat=&#8221;repeat&#8221; custom_margin=&#8221;52px|auto||auto||&#8221; locked=&#8221;off&#8221; global_colors_info=&#8221;{}&#8221;][et_pb_column type=&#8221;4_4&#8243; _builder_version=&#8221;4.16&#8243; custom_padding=&#8221;|||&#8221; global_colors_info=&#8221;{}&#8221; custom_padding__hover=&#8221;|||&#8221;][et_pb_text disabled_on=&#8221;off|off|off&#8221; _builder_version=&#8221;4.16&#8243; text_text_color=&#8221;#2b2b2b&#8221; header_font=&#8221;Playfair Display||||||||&#8221; header_text_color=&#8221;#191919&#8243; header_font_size=&#8221;60px&#8221; background_layout=&#8221;dark&#8221; custom_margin=&#8221;||-10px||false|false&#8221; custom_padding=&#8221;||0px||false|false&#8221; custom_padding_last_edited=&#8221;off|desktop&#8221; text_font_size_last_edited=&#8221;off|desktop&#8221; header_font_size_tablet=&#8221;47px&#8221; header_font_size_phone=&#8221;36px&#8221; header_font_size_last_edited=&#8221;on|phone&#8221; global_colors_info=&#8221;{}&#8221;]<\/p>\n<h1>Our cookie policy<\/h1>\n<p><span style=\"font-size: large;\"><\/span><\/p>\n<p><span style=\"font-size: large;\">On this page, we explain what cookies are, how we use them and which cookies we use on this website. Your can at any time change or withdraw your consent of us storing cookies. Click on cookie settings at the bottom of this page to change your settings.<\/span><\/p>\n<p>[\/et_pb_text][\/et_pb_column][\/et_pb_row][et_pb_row _builder_version=&#8221;4.16&#8243; background_size=&#8221;initial&#8221; background_position=&#8221;top_left&#8221; background_repeat=&#8221;repeat&#8221; custom_margin=&#8221;17px|auto||auto|false|false&#8221; custom_padding=&#8221;16px|||||&#8221; global_colors_info=&#8221;{}&#8221;][et_pb_column type=&#8221;4_4&#8243; _builder_version=&#8221;4.16&#8243; custom_padding=&#8221;|||&#8221; global_colors_info=&#8221;{}&#8221; custom_padding__hover=&#8221;|||&#8221;][et_pb_text _builder_version=&#8221;4.16&#8243; text_font=&#8221;Inter||||||||&#8221; text_font_size=&#8221;15px&#8221; header_font_size=&#8221;60px&#8221; header_3_font_size=&#8221;23px&#8221; background_size=&#8221;initial&#8221; background_position=&#8221;top_left&#8221; background_repeat=&#8221;repeat&#8221; global_colors_info=&#8221;{}&#8221;]<\/p>\n<h3>What are cookies?<\/h3>\n<div>\n<div>\n<div>A cookie is a small text file that gathers data on the device you are using to browse our website. Cookies have different functionalities, such as to store information about your preferences, or to gather and analyse data to make our website perform better.<\/div>\n<\/div>\n<\/div>\n<p>&nbsp;<\/p>\n<h3>How do we use cookies?<\/h3>\n<div>\n<p class=\"p1\">Necessary cookies are always enabled in order for the website to function properly. These cookies do not store any personal data. Non-necessary cookies such as statistics, functional and advertisement are used in order to understand how a website performs, how you interact between pages and to help us improve the usability of the site.<\/p>\n<\/div>\n<p>&nbsp;<\/p>\n<h3>Your consent<\/h3>\n<p>We obtain your consent before collecting or storing cookies. This applies to all forms of cookies. However, we do not obtain your consent when cookies are only used to keep track of your entered information. We do not collect personal information through the cookies we use. In cases where the website begins to use other forms of cookies that collect personal information about you, we will not disclose the personal information to another party. You will also be informed about the use of new cookies and given the opportunity to consent to storage before such cookies are stored.<\/p>\n<p>&nbsp;<\/p>\n<h3>What cookies do we use?<\/h3>\n<div>\n<div class=\"et_pb_module et_pb_text et_pb_text_1  et_pb_text_align_left et_pb_bg_layout_light\">\n<div class=\"et_pb_text_inner\">\n<div class=\"et_pb_module et_pb_text et_pb_text_1  et_pb_text_align_left et_pb_bg_layout_light\">\n<div class=\"et_pb_text_inner\">\n<div>\n<p>Down below is a list of the cookies we are using on this website.<\/p>\n<\/div>\n<\/div>\n<\/div>\n<\/div>\n<\/div>\n<div class=\"et_pb_module et_pb_text et_pb_text_2  et_pb_text_align_left et_pb_bg_layout_light\">\n<div class=\"et_pb_text_inner\"><\/div>\n<\/div>\n<\/div>\n<p>[\/et_pb_text][et_pb_text _builder_version=&#8221;4.27.4&#8243; _module_preset=&#8221;default&#8221; header_5_font_size=&#8221;22px&#8221; hover_enabled=&#8221;0&#8243; global_colors_info=&#8221;{}&#8221; sticky_enabled=&#8221;0&#8243;]<\/p>\n<p><span>[wcc_category_list]<\/span><\/p>\n<p>[\/et_pb_text][\/et_pb_column][\/et_pb_row][et_pb_row _builder_version=&#8221;4.16&#8243; _module_preset=&#8221;default&#8221; custom_padding=&#8221;||40px||false|false&#8221; global_colors_info=&#8221;{}&#8221;][et_pb_column type=&#8221;4_4&#8243; _builder_version=&#8221;4.16&#8243; _module_preset=&#8221;default&#8221; global_colors_info=&#8221;{}&#8221;][et_pb_text _builder_version=&#8221;4.16&#8243; _module_preset=&#8221;default&#8221; header_3_font_size_tablet=&#8221;24px&#8221; header_3_font_size_phone=&#8221;24px&#8221; header_3_font_size_last_edited=&#8221;on|tablet&#8221; header_3_line_height_tablet=&#8221;&#8221; header_3_line_height_phone=&#8221;1.3em&#8221; header_3_line_height_last_edited=&#8221;on|phone&#8221; global_colors_info=&#8221;{}&#8221;]<\/p>\n<h3><strong>How can I change my cookie settings?<\/strong><\/h3>\n<div>\n<div class=\"et_pb_module et_pb_text et_pb_text_3  et_pb_text_align_left et_pb_bg_layout_light\">\n<div class=\"et_pb_text_inner\">\n<div>You can find the cookie settings down below on this page. You can at any time choose to withdraw your consent. Read more about cookies at www.allaboutcookies.org.<\/div>\n<\/div>\n<\/div>\n<\/div>\n<p>[\/et_pb_text][et_pb_text _builder_version=&#8221;4.27.4&#8243; _module_preset=&#8221;default&#8221; text_font=&#8221;|||on|||||&#8221; text_orientation=&#8221;center&#8221; width=&#8221;36%&#8221; width_tablet=&#8221;46%&#8221; width_phone=&#8221;92%&#8221; width_last_edited=&#8221;on|tablet&#8221; module_alignment=&#8221;left&#8221; min_height=&#8221;46px&#8221; custom_padding=&#8221;10px||10px||true|false&#8221; hover_enabled=&#8221;0&#8243; border_width_all=&#8221;2px&#8221; border_color_all=&#8221;#000000&#8243; global_colors_info=&#8221;{}&#8221; sticky_enabled=&#8221;0&#8243;]<\/p>\n<p><span>[wcc_preference_button]<\/span><\/p>\n<p>[\/et_pb_text][\/et_pb_column][\/et_pb_row][\/et_pb_section]<\/p>\n","protected":false},"excerpt":{"rendered":"<p>Our cookie policy On this page, we explain what cookies are, how we use them and which cookies we use on this website. Your can at any time change or withdraw your consent of us storing cookies. Click on cookie settings at the bottom of this page to change your settings.What are cookies? A cookie [&hellip;]<\/p>\n","protected":false},"author":1,"featured_media":0,"parent":0,"menu_order":0,"comment_status":"closed","ping_status":"closed","template":"","meta":{"_et_pb_use_builder":"on","_et_pb_old_content":"","_et_gb_content_width":"","inline_featured_image":false,"footnotes":""},"class_list":["post-2109","page","type-page","status-publish","hentry"],"yoast_head":"<!-- This site is optimized with the Yoast SEO plugin v26.0 - https:\/\/yoast.com\/wordpress\/plugins\/seo\/ -->\n<title>Cookie Policy - ESS-ENN<\/title>\n<meta name=\"description\" content=\"I \u00f6ver 40 \u00e5r har vi producerat s\u00e5gade samt hyvlade tr\u00e4varor till en global marknad. Uppt\u00e4ck v\u00e5rt breda sortiment av milj\u00f6v\u00e4nliga produkter.\" \/>\n<meta name=\"robots\" content=\"index, follow, max-snippet:-1, max-image-preview:large, max-video-preview:-1\" \/>\n<link rel=\"canonical\" href=\"https:\/\/www.ess-enn.se\/en\/cookie-policy\/\" \/>\n<meta property=\"og:locale\" content=\"en_US\" \/>\n<meta property=\"og:type\" content=\"article\" \/>\n<meta property=\"og:title\" content=\"Cookie Policy - ESS-ENN\" \/>\n<meta property=\"og:description\" content=\"I \u00f6ver 40 \u00e5r har vi producerat s\u00e5gade samt hyvlade tr\u00e4varor till en global marknad. Uppt\u00e4ck v\u00e5rt breda sortiment av milj\u00f6v\u00e4nliga produkter.\" \/>\n<meta property=\"og:url\" content=\"https:\/\/www.ess-enn.se\/en\/cookie-policy\/\" \/>\n<meta property=\"og:site_name\" content=\"ESS-ENN\" \/>\n<meta property=\"article:modified_time\" content=\"2025-09-26T10:43:36+00:00\" \/>\n<meta property=\"og:image\" content=\"https:\/\/www.ess-enn.se\/wp-content\/uploads\/2023\/07\/ess-enn-timber-1200x675px.jpg\" \/>\n\t<meta property=\"og:image:width\" content=\"1200\" \/>\n\t<meta property=\"og:image:height\" content=\"675\" \/>\n\t<meta property=\"og:image:type\" content=\"image\/jpeg\" \/>\n<meta name=\"twitter:card\" content=\"summary_large_image\" \/>\n<meta name=\"twitter:label1\" content=\"Est. reading time\" \/>\n\t<meta name=\"twitter:data1\" content=\"4 minutes\" \/>\n<script type=\"application\/ld+json\" class=\"yoast-schema-graph\">{\"@context\":\"https:\/\/schema.org\",\"@graph\":[{\"@type\":\"WebPage\",\"@id\":\"https:\/\/www.ess-enn.se\/en\/cookie-policy\/\",\"url\":\"https:\/\/www.ess-enn.se\/en\/cookie-policy\/\",\"name\":\"Cookie Policy - ESS-ENN\",\"isPartOf\":{\"@id\":\"https:\/\/www.ess-enn.se\/#website\"},\"datePublished\":\"2021-12-28T09:01:38+00:00\",\"dateModified\":\"2025-09-26T10:43:36+00:00\",\"description\":\"I \u00f6ver 40 \u00e5r har vi producerat s\u00e5gade samt hyvlade tr\u00e4varor till en global marknad. Uppt\u00e4ck v\u00e5rt breda sortiment av milj\u00f6v\u00e4nliga produkter.\",\"breadcrumb\":{\"@id\":\"https:\/\/www.ess-enn.se\/en\/cookie-policy\/#breadcrumb\"},\"inLanguage\":\"en-US\",\"potentialAction\":[{\"@type\":\"ReadAction\",\"target\":[\"https:\/\/www.ess-enn.se\/en\/cookie-policy\/\"]}]},{\"@type\":\"BreadcrumbList\",\"@id\":\"https:\/\/www.ess-enn.se\/en\/cookie-policy\/#breadcrumb\",\"itemListElement\":[{\"@type\":\"ListItem\",\"position\":1,\"name\":\"ESS-ENN Timber\",\"item\":\"https:\/\/www.ess-enn.se\/en\/\"},{\"@type\":\"ListItem\",\"position\":2,\"name\":\"Cookie Policy\"}]},{\"@type\":\"WebSite\",\"@id\":\"https:\/\/www.ess-enn.se\/#website\",\"url\":\"https:\/\/www.ess-enn.se\/\",\"name\":\"ESS-ENN\",\"description\":\"Milj\u00f6v\u00e4nliga tr\u00e4produkter med o\u00e4ndliga m\u00f6jligheter\",\"publisher\":{\"@id\":\"https:\/\/www.ess-enn.se\/#organization\"},\"alternateName\":\"ESS-ENN Timber\",\"potentialAction\":[{\"@type\":\"SearchAction\",\"target\":{\"@type\":\"EntryPoint\",\"urlTemplate\":\"https:\/\/www.ess-enn.se\/?s={search_term_string}\"},\"query-input\":{\"@type\":\"PropertyValueSpecification\",\"valueRequired\":true,\"valueName\":\"search_term_string\"}}],\"inLanguage\":\"en-US\"},{\"@type\":\"Organization\",\"@id\":\"https:\/\/www.ess-enn.se\/#organization\",\"name\":\"ESS-ENN Timber\",\"url\":\"https:\/\/www.ess-enn.se\/\",\"logo\":{\"@type\":\"ImageObject\",\"inLanguage\":\"en-US\",\"@id\":\"https:\/\/www.ess-enn.se\/#\/schema\/logo\/image\/\",\"url\":\"https:\/\/www.ess-enn.se\/wp-content\/uploads\/2023\/07\/ess-enn-timber-696x696px.jpg\",\"contentUrl\":\"https:\/\/www.ess-enn.se\/wp-content\/uploads\/2023\/07\/ess-enn-timber-696x696px.jpg\",\"width\":696,\"height\":696,\"caption\":\"ESS-ENN Timber\"},\"image\":{\"@id\":\"https:\/\/www.ess-enn.se\/#\/schema\/logo\/image\/\"},\"sameAs\":[\"https:\/\/www.instagram.com\/essenntimber\/\",\"https:\/\/www.linkedin.com\/company\/ess-enn-timber-ab\"]}]}<\/script>\n<!-- \/ Yoast SEO plugin. -->","yoast_head_json":{"title":"Cookie Policy - ESS-ENN","description":"I \u00f6ver 40 \u00e5r har vi producerat s\u00e5gade samt hyvlade tr\u00e4varor till en global marknad. Uppt\u00e4ck v\u00e5rt breda sortiment av milj\u00f6v\u00e4nliga produkter.","robots":{"index":"index","follow":"follow","max-snippet":"max-snippet:-1","max-image-preview":"max-image-preview:large","max-video-preview":"max-video-preview:-1"},"canonical":"https:\/\/www.ess-enn.se\/en\/cookie-policy\/","og_locale":"en_US","og_type":"article","og_title":"Cookie Policy - ESS-ENN","og_description":"I \u00f6ver 40 \u00e5r har vi producerat s\u00e5gade samt hyvlade tr\u00e4varor till en global marknad. Uppt\u00e4ck v\u00e5rt breda sortiment av milj\u00f6v\u00e4nliga produkter.","og_url":"https:\/\/www.ess-enn.se\/en\/cookie-policy\/","og_site_name":"ESS-ENN","article_modified_time":"2025-09-26T10:43:36+00:00","og_image":[{"width":1200,"height":675,"url":"https:\/\/www.ess-enn.se\/wp-content\/uploads\/2023\/07\/ess-enn-timber-1200x675px.jpg","type":"image\/jpeg"}],"twitter_card":"summary_large_image","twitter_misc":{"Est. reading time":"4 minutes"},"schema":{"@context":"https:\/\/schema.org","@graph":[{"@type":"WebPage","@id":"https:\/\/www.ess-enn.se\/en\/cookie-policy\/","url":"https:\/\/www.ess-enn.se\/en\/cookie-policy\/","name":"Cookie Policy - ESS-ENN","isPartOf":{"@id":"https:\/\/www.ess-enn.se\/#website"},"datePublished":"2021-12-28T09:01:38+00:00","dateModified":"2025-09-26T10:43:36+00:00","description":"I \u00f6ver 40 \u00e5r har vi producerat s\u00e5gade samt hyvlade tr\u00e4varor till en global marknad. Uppt\u00e4ck v\u00e5rt breda sortiment av milj\u00f6v\u00e4nliga produkter.","breadcrumb":{"@id":"https:\/\/www.ess-enn.se\/en\/cookie-policy\/#breadcrumb"},"inLanguage":"en-US","potentialAction":[{"@type":"ReadAction","target":["https:\/\/www.ess-enn.se\/en\/cookie-policy\/"]}]},{"@type":"BreadcrumbList","@id":"https:\/\/www.ess-enn.se\/en\/cookie-policy\/#breadcrumb","itemListElement":[{"@type":"ListItem","position":1,"name":"ESS-ENN Timber","item":"https:\/\/www.ess-enn.se\/en\/"},{"@type":"ListItem","position":2,"name":"Cookie Policy"}]},{"@type":"WebSite","@id":"https:\/\/www.ess-enn.se\/#website","url":"https:\/\/www.ess-enn.se\/","name":"ESS-ENN","description":"Milj\u00f6v\u00e4nliga tr\u00e4produkter med o\u00e4ndliga m\u00f6jligheter","publisher":{"@id":"https:\/\/www.ess-enn.se\/#organization"},"alternateName":"ESS-ENN Timber","potentialAction":[{"@type":"SearchAction","target":{"@type":"EntryPoint","urlTemplate":"https:\/\/www.ess-enn.se\/?s={search_term_string}"},"query-input":{"@type":"PropertyValueSpecification","valueRequired":true,"valueName":"search_term_string"}}],"inLanguage":"en-US"},{"@type":"Organization","@id":"https:\/\/www.ess-enn.se\/#organization","name":"ESS-ENN Timber","url":"https:\/\/www.ess-enn.se\/","logo":{"@type":"ImageObject","inLanguage":"en-US","@id":"https:\/\/www.ess-enn.se\/#\/schema\/logo\/image\/","url":"https:\/\/www.ess-enn.se\/wp-content\/uploads\/2023\/07\/ess-enn-timber-696x696px.jpg","contentUrl":"https:\/\/www.ess-enn.se\/wp-content\/uploads\/2023\/07\/ess-enn-timber-696x696px.jpg","width":696,"height":696,"caption":"ESS-ENN Timber"},"image":{"@id":"https:\/\/www.ess-enn.se\/#\/schema\/logo\/image\/"},"sameAs":["https:\/\/www.instagram.com\/essenntimber\/","https:\/\/www.linkedin.com\/company\/ess-enn-timber-ab"]}]}},"_links":{"self":[{"href":"https:\/\/www.ess-enn.se\/en\/wp-json\/wp\/v2\/pages\/2109","targetHints":{"allow":["GET"]}}],"collection":[{"href":"https:\/\/www.ess-enn.se\/en\/wp-json\/wp\/v2\/pages"}],"about":[{"href":"https:\/\/www.ess-enn.se\/en\/wp-json\/wp\/v2\/types\/page"}],"author":[{"embeddable":true,"href":"https:\/\/www.ess-enn.se\/en\/wp-json\/wp\/v2\/users\/1"}],"replies":[{"embeddable":true,"href":"https:\/\/www.ess-enn.se\/en\/wp-json\/wp\/v2\/comments?post=2109"}],"version-history":[{"count":15,"href":"https:\/\/www.ess-enn.se\/en\/wp-json\/wp\/v2\/pages\/2109\/revisions"}],"predecessor-version":[{"id":3369,"href":"https:\/\/www.ess-enn.se\/en\/wp-json\/wp\/v2\/pages\/2109\/revisions\/3369"}],"wp:attachment":[{"href":"https:\/\/www.ess-enn.se\/en\/wp-json\/wp\/v2\/media?parent=2109"}],"curies":[{"name":"wp","href":"https:\/\/api.w.org\/{rel}","templated":true}]}}