{"id":1940,"date":"2021-11-22T09:40:20","date_gmt":"2021-11-22T09:40:20","guid":{"rendered":"https:\/\/www.ess-enn.se\/?page_id=1940"},"modified":"2024-10-21T12:15:53","modified_gmt":"2024-10-21T12:15:53","slug":"biofuel","status":"publish","type":"page","link":"https:\/\/www.ess-enn.se\/en\/biofuel\/","title":{"rendered":"Biofuel"},"content":{"rendered":"<p>[et_pb_section fb_built=&#8221;1&#8243; _builder_version=&#8221;4.16&#8243; _module_preset=&#8221;default&#8221; use_background_color_gradient=&#8221;on&#8221; background_color_gradient_direction=&#8221;360deg&#8221; background_color_gradient_stops=&#8221;rgba(1,9,10,0) 100%|#29c4a9 100%&#8221; background_color_gradient_overlays_image=&#8221;on&#8221; background_color_gradient_start=&#8221;rgba(1,9,10,0)&#8221; background_color_gradient_start_position=&#8221;100%&#8221; background_image=&#8221;https:\/\/www.ess-enn.se\/wp-content\/uploads\/2021\/07\/biofuel_02-scaled.jpg&#8221; min_height=&#8221;742px&#8221; min_height_tablet=&#8221;812px&#8221; min_height_phone=&#8221;758px&#8221; min_height_last_edited=&#8221;on|tablet&#8221; custom_padding=&#8221;95px|||||&#8221; locked=&#8221;off&#8221; global_colors_info=&#8221;{}&#8221;][et_pb_row _builder_version=&#8221;4.16&#8243; _module_preset=&#8221;default&#8221; custom_margin_tablet=&#8221;43px||||false|false&#8221; custom_margin_phone=&#8221;5px||||false|false&#8221; custom_margin_last_edited=&#8221;on|phone&#8221; custom_padding=&#8221;105px|||||&#8221; global_colors_info=&#8221;{}&#8221;][et_pb_column type=&#8221;4_4&#8243; _builder_version=&#8221;4.16&#8243; _module_preset=&#8221;default&#8221; global_colors_info=&#8221;{}&#8221;][et_pb_text content_tablet=&#8221;<\/p>\n<h1> Clean biofuel<br \/>\u2013 packed full of energy<\/h1>\n<p>&#8221; content_phone=&#8221;<\/p>\n<h1> Clean biofuel<br \/>\u2013 packed full of energy<\/h1>\n<p>&#8221; content_last_edited=&#8221;on|phone&#8221; _builder_version=&#8221;4.16&#8243; _module_preset=&#8221;default&#8221; text_font=&#8221;Inter||||||||&#8221; text_text_color=&#8221;#ffffff&#8221; text_font_size=&#8221;15px&#8221; header_font=&#8221;Playfair Display|700|||||||&#8221; header_text_align=&#8221;center&#8221; header_text_color=&#8221;#ffffff&#8221; header_font_size=&#8221;58px&#8221; header_line_height=&#8221;1.2em&#8221; text_orientation=&#8221;center&#8221; width=&#8221;76.9%&#8221; width_tablet=&#8221;89%&#8221; width_phone=&#8221;100%&#8221; width_last_edited=&#8221;on|phone&#8221; module_alignment=&#8221;center&#8221; header_font_size_tablet=&#8221;&#8221; header_font_size_phone=&#8221;50px&#8221; header_font_size_last_edited=&#8221;on|phone&#8221; header_line_height_tablet=&#8221;1.2em&#8221; header_line_height_phone=&#8221;1.1em&#8221; header_line_height_last_edited=&#8221;on|desktop&#8221; locked=&#8221;off&#8221; inline_fonts=&#8221;Aclonica&#8221; global_colors_info=&#8221;{}&#8221;]<\/p>\n<div class=\"page\" title=\"Page 8\">\n<div class=\"section\">\n<div class=\"layoutArea\">\n<div class=\"column\">\n<h1>\u00a0Clean biofuel \u2013 <br \/>packed full of energy<\/h1>\n<\/div>\n<\/div>\n<\/div>\n<\/div>\n<p>[\/et_pb_text][\/et_pb_column][\/et_pb_row][\/et_pb_section][et_pb_section fb_built=&#8221;1&#8243; _builder_version=&#8221;4.16&#8243; _module_preset=&#8221;default&#8221; custom_padding=&#8221;||0px|||&#8221; global_colors_info=&#8221;{}&#8221;][et_pb_row column_structure=&#8221;1_2,1_2&#8243; _builder_version=&#8221;4.16&#8243; _module_preset=&#8221;default&#8221; custom_margin=&#8221;|auto|2px|auto||&#8221; custom_padding=&#8221;||19px|||&#8221; global_colors_info=&#8221;{}&#8221;][et_pb_column type=&#8221;1_2&#8243; _builder_version=&#8221;4.16&#8243; _module_preset=&#8221;default&#8221; global_colors_info=&#8221;{}&#8221;][et_pb_text _builder_version=&#8221;4.16&#8243; _module_preset=&#8221;default&#8221; text_font=&#8221;Inter||||||||&#8221; text_font_size=&#8221;15px&#8221; header_font=&#8221;||||||||&#8221; header_text_align=&#8221;left&#8221; header_font_size=&#8221;40px&#8221; width=&#8221;100%&#8221; custom_padding=&#8221;||0px|||&#8221; inline_fonts=&#8221;Aladin&#8221; global_colors_info=&#8221;{}&#8221;]<\/p>\n<h2>Biofuel\u00a0 <img loading=\"lazy\" decoding=\"async\" src=\"https:\/\/www.ess-enn.se\/wp-content\/uploads\/2021\/08\/biobransle_04.svg\" width=\"33\" height=\"30\" alt=\"biobr\u00e4nsle\" class=\"wp-image-1478 alignnone size-medium\" \/><a href=\"https:\/\/www.ess-enn.se\/wp-content\/uploads\/2021\/08\/biobransle_02.svg\"><\/a><\/h2>\n<p><span style=\"font-weight: 400;\" biofuel=\"\"><\/span><\/p>\n<p>Our production generates waste that is exploited in the best possible way. In order to achieve our circular environmental goals and maximise production economy, we take advantage of everything that nature provides . At our production facility in Skruv, we convert all our waste into high quality energy-efficient briquettes.<\/p>\n<p>Wood contains a high level of stored energy and we produce about 18,000 m3 of sawdust per year at our planing mill. This is pure wood that would otherwise have been discarded. Our unique mix of chips, sawdust and swarf with low moisture content allows us to create a high density briquette suitable for both home use and for industrial heating. The product is free of additives and is environmentally and quality assured for cost-effective use. Smart, economical and environmentally sound!<\/p>\n<p>[\/et_pb_text][et_pb_button button_url=&#8221;https:\/\/www.ess-enn.se\/en\/contact\/&#8221; button_text=&#8221;Contact us&#8221; _builder_version=&#8221;4.16&#8243; _module_preset=&#8221;default&#8221; custom_button=&#8221;on&#8221; button_text_size=&#8221;15px&#8221; button_text_color=&#8221;#303030&#8243; button_border_radius=&#8221;0px&#8221; button_font=&#8221;|600|||||||&#8221; custom_margin=&#8221;||43px|||&#8221; custom_margin_tablet=&#8221;&#8221; custom_margin_phone=&#8221;||25px||false|false&#8221; custom_margin_last_edited=&#8221;on|phone&#8221; locked=&#8221;off&#8221; global_colors_info=&#8221;{}&#8221;][\/et_pb_button][\/et_pb_column][et_pb_column type=&#8221;1_2&#8243; _builder_version=&#8221;4.16&#8243; _module_preset=&#8221;default&#8221; global_colors_info=&#8221;{}&#8221;][et_pb_text _builder_version=&#8221;4.16&#8243; _module_preset=&#8221;default&#8221; text_font=&#8221;Inter||on||||||&#8221; text_font_size=&#8221;20px&#8221; header_font=&#8221;||||||||&#8221; header_text_align=&#8221;left&#8221; header_text_color=&#8221;#123d27&#8243; header_font_size=&#8221;33px&#8221; width=&#8221;100%&#8221; custom_margin=&#8221;117px|||||&#8221; custom_margin_tablet=&#8221;31px||||false|false&#8221; custom_margin_phone=&#8221;48px||||false|false&#8221; custom_margin_last_edited=&#8221;on|phone&#8221; custom_padding=&#8221;|||80px||&#8221; custom_padding_tablet=&#8221;|||0px|false|false&#8221; custom_padding_phone=&#8221;|||0px|false|false&#8221; custom_padding_last_edited=&#8221;on|phone&#8221; inline_fonts=&#8221;Aladin&#8221; global_colors_info=&#8221;{}&#8221;]<\/p>\n<p>* Annual volume 5000 tonnes<\/p>\n<p>* Loose or packaged in pallet frames<\/p>\n<p>* Calorific value 4.8 kWh<\/p>\n<p>* 1 tonne = 2 m3<\/p>\n<p>[\/et_pb_text][\/et_pb_column][\/et_pb_row][et_pb_row _builder_version=&#8221;4.16&#8243; _module_preset=&#8221;default&#8221; width=&#8221;100%&#8221; width_tablet=&#8221;100%&#8221; width_phone=&#8221;100%&#8221; width_last_edited=&#8221;on|desktop&#8221; max_width=&#8221;100%&#8221; custom_margin=&#8221;|auto|0px|auto|false|false&#8221; custom_padding=&#8221;||0px||false|false&#8221; global_colors_info=&#8221;{}&#8221;][et_pb_column type=&#8221;4_4&#8243; _builder_version=&#8221;4.16&#8243; _module_preset=&#8221;default&#8221; global_colors_info=&#8221;{}&#8221;][et_pb_image src=&#8221;https:\/\/www.ess-enn.se\/wp-content\/uploads\/2021\/07\/sustainability-scaled.jpg&#8221; alt=&#8221;forest&#8221; title_text=&#8221;Magical,Fairytale,Forest.,Coniferous,Forest,Covered,Of,Green,Moss.,Mystic&#8221; _builder_version=&#8221;4.16&#8243; _module_preset=&#8221;default&#8221; width=&#8221;100%&#8221; max_width=&#8221;100%&#8221; custom_margin=&#8221;|-55px|-56px|||&#8221; custom_margin_tablet=&#8221;|0px|||false|false&#8221; custom_margin_phone=&#8221;|0px|||false|false&#8221; custom_margin_last_edited=&#8221;on|phone&#8221; custom_padding=&#8221;|0px||||&#8221; global_colors_info=&#8221;{}&#8221;][\/et_pb_image][\/et_pb_column][\/et_pb_row][\/et_pb_section]<\/p>\n","protected":false},"excerpt":{"rendered":"<p>\u00a0Clean biofuel \u2013 packed full of energy Biofuel\u00a0 Our production generates waste that is exploited in the best possible way. In order to achieve our circular environmental goals and maximise production economy, we take advantage of everything that nature provides . At our production facility in Skruv, we convert all our waste into high quality [&hellip;]<\/p>\n","protected":false},"author":1,"featured_media":1842,"parent":0,"menu_order":0,"comment_status":"closed","ping_status":"closed","template":"","meta":{"_et_pb_use_builder":"on","_et_pb_old_content":"","_et_gb_content_width":"","inline_featured_image":false,"footnotes":""},"class_list":["post-1940","page","type-page","status-publish","has-post-thumbnail","hentry"],"yoast_head":"<!-- This site is optimized with the Yoast SEO plugin v26.0 - https:\/\/yoast.com\/wordpress\/plugins\/seo\/ -->\n<title>ESS-ENN Timber - Biofuel<\/title>\n<meta name=\"description\" content=\"ESS-ENN Timber is a Swedish producer of biofuel and sawn and planed wood products. Over 40 years of quality.\" \/>\n<meta name=\"robots\" content=\"index, follow, max-snippet:-1, max-image-preview:large, max-video-preview:-1\" \/>\n<link rel=\"canonical\" href=\"https:\/\/www.ess-enn.se\/en\/biofuel\/\" \/>\n<meta property=\"og:locale\" content=\"en_US\" \/>\n<meta property=\"og:type\" content=\"article\" \/>\n<meta property=\"og:title\" content=\"ESS-ENN Timber - Biofuel\" \/>\n<meta property=\"og:description\" content=\"ESS-ENN Timber is a Swedish producer of biofuel and sawn and planed wood products. Over 40 years of quality.\" \/>\n<meta property=\"og:url\" content=\"https:\/\/www.ess-enn.se\/en\/biofuel\/\" \/>\n<meta property=\"og:site_name\" content=\"ESS-ENN\" \/>\n<meta property=\"article:modified_time\" content=\"2024-10-21T12:15:53+00:00\" \/>\n<meta property=\"og:image\" content=\"https:\/\/www.ess-enn.se\/wp-content\/uploads\/2021\/07\/biofuel_02-scaled.jpg\" \/>\n\t<meta property=\"og:image:width\" content=\"2560\" \/>\n\t<meta property=\"og:image:height\" content=\"1920\" \/>\n\t<meta property=\"og:image:type\" content=\"image\/jpeg\" \/>\n<meta name=\"twitter:card\" content=\"summary_large_image\" \/>\n<meta name=\"twitter:label1\" content=\"Est. reading time\" \/>\n\t<meta name=\"twitter:data1\" content=\"2 minutes\" \/>\n<script type=\"application\/ld+json\" class=\"yoast-schema-graph\">{\"@context\":\"https:\/\/schema.org\",\"@graph\":[{\"@type\":\"WebPage\",\"@id\":\"https:\/\/www.ess-enn.se\/en\/biofuel\/\",\"url\":\"https:\/\/www.ess-enn.se\/en\/biofuel\/\",\"name\":\"ESS-ENN Timber - Biofuel\",\"isPartOf\":{\"@id\":\"https:\/\/www.ess-enn.se\/#website\"},\"primaryImageOfPage\":{\"@id\":\"https:\/\/www.ess-enn.se\/en\/biofuel\/#primaryimage\"},\"image\":{\"@id\":\"https:\/\/www.ess-enn.se\/en\/biofuel\/#primaryimage\"},\"thumbnailUrl\":\"https:\/\/www.ess-enn.se\/wp-content\/uploads\/2021\/07\/biofuel_02-scaled.jpg\",\"datePublished\":\"2021-11-22T09:40:20+00:00\",\"dateModified\":\"2024-10-21T12:15:53+00:00\",\"description\":\"ESS-ENN Timber is a Swedish producer of biofuel and sawn and planed wood products. Over 40 years of quality.\",\"breadcrumb\":{\"@id\":\"https:\/\/www.ess-enn.se\/en\/biofuel\/#breadcrumb\"},\"inLanguage\":\"en-US\",\"potentialAction\":[{\"@type\":\"ReadAction\",\"target\":[\"https:\/\/www.ess-enn.se\/en\/biofuel\/\"]}]},{\"@type\":\"ImageObject\",\"inLanguage\":\"en-US\",\"@id\":\"https:\/\/www.ess-enn.se\/en\/biofuel\/#primaryimage\",\"url\":\"https:\/\/www.ess-enn.se\/wp-content\/uploads\/2021\/07\/biofuel_02-scaled.jpg\",\"contentUrl\":\"https:\/\/www.ess-enn.se\/wp-content\/uploads\/2021\/07\/biofuel_02-scaled.jpg\",\"width\":2560,\"height\":1920},{\"@type\":\"BreadcrumbList\",\"@id\":\"https:\/\/www.ess-enn.se\/en\/biofuel\/#breadcrumb\",\"itemListElement\":[{\"@type\":\"ListItem\",\"position\":1,\"name\":\"ESS-ENN Timber\",\"item\":\"https:\/\/www.ess-enn.se\/en\/\"},{\"@type\":\"ListItem\",\"position\":2,\"name\":\"Biofuel\"}]},{\"@type\":\"WebSite\",\"@id\":\"https:\/\/www.ess-enn.se\/#website\",\"url\":\"https:\/\/www.ess-enn.se\/\",\"name\":\"ESS-ENN\",\"description\":\"Milj\u00f6v\u00e4nliga tr\u00e4produkter med o\u00e4ndliga m\u00f6jligheter\",\"publisher\":{\"@id\":\"https:\/\/www.ess-enn.se\/#organization\"},\"alternateName\":\"ESS-ENN Timber\",\"potentialAction\":[{\"@type\":\"SearchAction\",\"target\":{\"@type\":\"EntryPoint\",\"urlTemplate\":\"https:\/\/www.ess-enn.se\/?s={search_term_string}\"},\"query-input\":{\"@type\":\"PropertyValueSpecification\",\"valueRequired\":true,\"valueName\":\"search_term_string\"}}],\"inLanguage\":\"en-US\"},{\"@type\":\"Organization\",\"@id\":\"https:\/\/www.ess-enn.se\/#organization\",\"name\":\"ESS-ENN Timber\",\"url\":\"https:\/\/www.ess-enn.se\/\",\"logo\":{\"@type\":\"ImageObject\",\"inLanguage\":\"en-US\",\"@id\":\"https:\/\/www.ess-enn.se\/#\/schema\/logo\/image\/\",\"url\":\"https:\/\/www.ess-enn.se\/wp-content\/uploads\/2023\/07\/ess-enn-timber-696x696px.jpg\",\"contentUrl\":\"https:\/\/www.ess-enn.se\/wp-content\/uploads\/2023\/07\/ess-enn-timber-696x696px.jpg\",\"width\":696,\"height\":696,\"caption\":\"ESS-ENN Timber\"},\"image\":{\"@id\":\"https:\/\/www.ess-enn.se\/#\/schema\/logo\/image\/\"},\"sameAs\":[\"https:\/\/www.instagram.com\/essenntimber\/\",\"https:\/\/www.linkedin.com\/company\/ess-enn-timber-ab\"]}]}<\/script>\n<!-- \/ Yoast SEO plugin. -->","yoast_head_json":{"title":"ESS-ENN Timber - Biofuel","description":"ESS-ENN Timber is a Swedish producer of biofuel and sawn and planed wood products. Over 40 years of quality.","robots":{"index":"index","follow":"follow","max-snippet":"max-snippet:-1","max-image-preview":"max-image-preview:large","max-video-preview":"max-video-preview:-1"},"canonical":"https:\/\/www.ess-enn.se\/en\/biofuel\/","og_locale":"en_US","og_type":"article","og_title":"ESS-ENN Timber - Biofuel","og_description":"ESS-ENN Timber is a Swedish producer of biofuel and sawn and planed wood products. Over 40 years of quality.","og_url":"https:\/\/www.ess-enn.se\/en\/biofuel\/","og_site_name":"ESS-ENN","article_modified_time":"2024-10-21T12:15:53+00:00","og_image":[{"width":2560,"height":1920,"url":"https:\/\/www.ess-enn.se\/wp-content\/uploads\/2021\/07\/biofuel_02-scaled.jpg","type":"image\/jpeg"}],"twitter_card":"summary_large_image","twitter_misc":{"Est. reading time":"2 minutes"},"schema":{"@context":"https:\/\/schema.org","@graph":[{"@type":"WebPage","@id":"https:\/\/www.ess-enn.se\/en\/biofuel\/","url":"https:\/\/www.ess-enn.se\/en\/biofuel\/","name":"ESS-ENN Timber - Biofuel","isPartOf":{"@id":"https:\/\/www.ess-enn.se\/#website"},"primaryImageOfPage":{"@id":"https:\/\/www.ess-enn.se\/en\/biofuel\/#primaryimage"},"image":{"@id":"https:\/\/www.ess-enn.se\/en\/biofuel\/#primaryimage"},"thumbnailUrl":"https:\/\/www.ess-enn.se\/wp-content\/uploads\/2021\/07\/biofuel_02-scaled.jpg","datePublished":"2021-11-22T09:40:20+00:00","dateModified":"2024-10-21T12:15:53+00:00","description":"ESS-ENN Timber is a Swedish producer of biofuel and sawn and planed wood products. Over 40 years of quality.","breadcrumb":{"@id":"https:\/\/www.ess-enn.se\/en\/biofuel\/#breadcrumb"},"inLanguage":"en-US","potentialAction":[{"@type":"ReadAction","target":["https:\/\/www.ess-enn.se\/en\/biofuel\/"]}]},{"@type":"ImageObject","inLanguage":"en-US","@id":"https:\/\/www.ess-enn.se\/en\/biofuel\/#primaryimage","url":"https:\/\/www.ess-enn.se\/wp-content\/uploads\/2021\/07\/biofuel_02-scaled.jpg","contentUrl":"https:\/\/www.ess-enn.se\/wp-content\/uploads\/2021\/07\/biofuel_02-scaled.jpg","width":2560,"height":1920},{"@type":"BreadcrumbList","@id":"https:\/\/www.ess-enn.se\/en\/biofuel\/#breadcrumb","itemListElement":[{"@type":"ListItem","position":1,"name":"ESS-ENN Timber","item":"https:\/\/www.ess-enn.se\/en\/"},{"@type":"ListItem","position":2,"name":"Biofuel"}]},{"@type":"WebSite","@id":"https:\/\/www.ess-enn.se\/#website","url":"https:\/\/www.ess-enn.se\/","name":"ESS-ENN","description":"Milj\u00f6v\u00e4nliga tr\u00e4produkter med o\u00e4ndliga m\u00f6jligheter","publisher":{"@id":"https:\/\/www.ess-enn.se\/#organization"},"alternateName":"ESS-ENN Timber","potentialAction":[{"@type":"SearchAction","target":{"@type":"EntryPoint","urlTemplate":"https:\/\/www.ess-enn.se\/?s={search_term_string}"},"query-input":{"@type":"PropertyValueSpecification","valueRequired":true,"valueName":"search_term_string"}}],"inLanguage":"en-US"},{"@type":"Organization","@id":"https:\/\/www.ess-enn.se\/#organization","name":"ESS-ENN Timber","url":"https:\/\/www.ess-enn.se\/","logo":{"@type":"ImageObject","inLanguage":"en-US","@id":"https:\/\/www.ess-enn.se\/#\/schema\/logo\/image\/","url":"https:\/\/www.ess-enn.se\/wp-content\/uploads\/2023\/07\/ess-enn-timber-696x696px.jpg","contentUrl":"https:\/\/www.ess-enn.se\/wp-content\/uploads\/2023\/07\/ess-enn-timber-696x696px.jpg","width":696,"height":696,"caption":"ESS-ENN Timber"},"image":{"@id":"https:\/\/www.ess-enn.se\/#\/schema\/logo\/image\/"},"sameAs":["https:\/\/www.instagram.com\/essenntimber\/","https:\/\/www.linkedin.com\/company\/ess-enn-timber-ab"]}]}},"_links":{"self":[{"href":"https:\/\/www.ess-enn.se\/en\/wp-json\/wp\/v2\/pages\/1940","targetHints":{"allow":["GET"]}}],"collection":[{"href":"https:\/\/www.ess-enn.se\/en\/wp-json\/wp\/v2\/pages"}],"about":[{"href":"https:\/\/www.ess-enn.se\/en\/wp-json\/wp\/v2\/types\/page"}],"author":[{"embeddable":true,"href":"https:\/\/www.ess-enn.se\/en\/wp-json\/wp\/v2\/users\/1"}],"replies":[{"embeddable":true,"href":"https:\/\/www.ess-enn.se\/en\/wp-json\/wp\/v2\/comments?post=1940"}],"version-history":[{"count":6,"href":"https:\/\/www.ess-enn.se\/en\/wp-json\/wp\/v2\/pages\/1940\/revisions"}],"predecessor-version":[{"id":2575,"href":"https:\/\/www.ess-enn.se\/en\/wp-json\/wp\/v2\/pages\/1940\/revisions\/2575"}],"wp:featuredmedia":[{"embeddable":true,"href":"https:\/\/www.ess-enn.se\/en\/wp-json\/wp\/v2\/media\/1842"}],"wp:attachment":[{"href":"https:\/\/www.ess-enn.se\/en\/wp-json\/wp\/v2\/media?parent=1940"}],"curies":[{"name":"wp","href":"https:\/\/api.w.org\/{rel}","templated":true}]}}